
{"id":38061,"date":"2018-12-30T19:03:18","date_gmt":"2018-12-30T17:03:18","guid":{"rendered":"http:\/\/eagleray.gr\/\u03c0\u03c1\u03bf\u03ca\u03cc\u03bd\/south-dodecanese\/"},"modified":"2021-12-08T10:37:58","modified_gmt":"2021-12-08T08:37:58","slug":"south-dodecanese","status":"publish","type":"product","link":"https:\/\/eagleray.gr\/en\/products\/south-dodecanese\/","title":{"rendered":"South Dodecanese"},"content":{"rendered":"<table style=\"border-collapse: collapse;\" border=\"1\" cellspacing=\"0\" cellpadding=\"0\">\n<tbody>\n<tr style=\"height: 1cm;\">\n<td style=\"width: 225.15pt; border: 1pt solid white; padding: 0cm 5.4pt; height: 1cm;\" valign=\"top\" width=\"300\">\n<p style=\"margin-bottom: 0.0001pt; line-height: normal;\"><span style=\"font-size: 10pt; font-family: 'Arial', 'sans-serif';\">Extract from: HNC 45, 451<\/span><\/p>\n<\/td>\n<td style=\"width: 272.95pt; border-color: white white white currentcolor; border-style: solid solid solid none; border-width: 1pt 1pt 1pt medium; padding: 0cm 5.4pt; height: 1cm;\" valign=\"top\" width=\"364\">\n<p style=\"margin-bottom: 0.0001pt; line-height: normal;\"><strong><span style=\"font-size: 10pt; font-family: 'Arial', 'sans-serif';\">Larger scale charts included in the back side<\/span><\/strong><\/p>\n<\/td>\n<\/tr>\n<tr style=\"height: 1cm;\">\n<td style=\"width: 225.15pt; border-color: currentcolor white white; border-style: none solid solid; border-width: medium 1pt 1pt; padding: 0cm 5.4pt; height: 1cm;\" valign=\"top\" width=\"300\">\n<p style=\"margin-bottom: 0.0001pt; line-height: normal;\"><span style=\"font-size: 10pt; font-family: 'Arial', 'sans-serif';\">Scale: 1:250.000<\/span><\/p>\n<\/td>\n<td style=\"width: 272.95pt; border-color: currentcolor white white currentcolor; border-style: none solid solid none; border-width: medium 1pt 1pt medium; padding: 0cm 5.4pt; height: 1cm;\" valign=\"top\" width=\"364\">\n<p style=\"margin-bottom: 0.0001pt; line-height: normal;\"><span style=\"font-size: 10pt; font-family: 'Arial', 'sans-serif';\">Channel and harbour \u2013 marina of Kos<\/span><\/p>\n<\/td>\n<\/tr>\n<tr style=\"height: 1cm;\">\n<td style=\"width: 225.15pt; border-color: currentcolor white white; border-style: none solid solid; border-width: medium 1pt 1pt; padding: 0cm 5.4pt; height: 1cm;\" valign=\"top\" width=\"300\">\n<p style=\"margin-bottom: 0.0001pt; line-height: normal;\"><span style=\"font-size: 10pt; font-family: 'Arial', 'sans-serif';\">ISBN: 978-960-89742-1-0<\/span><\/p>\n<\/td>\n<td style=\"width: 272.95pt; border-color: currentcolor white white currentcolor; border-style: none solid solid none; border-width: medium 1pt 1pt medium; padding: 0cm 5.4pt; height: 1cm;\" valign=\"top\" width=\"364\">\n<p style=\"margin-bottom: 0.0001pt; line-height: normal;\"><span style=\"font-size: 10pt; font-family: 'Arial', 'sans-serif';\">P\u00e1loi harbour (N\u00edsyros)<\/span><\/p>\n<\/td>\n<\/tr>\n<tr style=\"height: 1cm;\">\n<td style=\"width: 225.15pt; border-color: currentcolor white white; border-style: none solid solid; border-width: medium 1pt 1pt; padding: 0cm 5.4pt; height: 1cm;\" valign=\"top\" width=\"300\">\n<p style=\"margin-bottom: 0.0001pt; line-height: normal;\"><span style=\"font-size: 10pt; font-family: 'Arial', 'sans-serif';\">Edition:\u00a0<\/span><span style=\"font-size: 10pt; font-family: 'Arial', 'sans-serif';\">2020<\/span><\/p>\n<\/td>\n<td style=\"width: 272.95pt; border-color: currentcolor white white currentcolor; border-style: none solid solid none; border-width: medium 1pt 1pt medium; padding: 0cm 5.4pt; height: 1cm;\" valign=\"top\" width=\"364\">\n<p style=\"margin-bottom: 0.0001pt; line-height: normal;\"><span style=\"font-size: 10pt; font-family: 'Arial', 'sans-serif';\">S\u00fdmi harbour<\/span><\/p>\n<\/td>\n<\/tr>\n<tr style=\"height: 1cm;\">\n<td style=\"width: 225.15pt; border-color: currentcolor white white; border-style: none solid solid; border-width: medium 1pt 1pt; padding: 0cm 5.4pt; height: 1cm;\" valign=\"top\" width=\"300\">\n<p style=\"margin-bottom: 0.0001pt; line-height: normal;\"><span style=\"font-size: 10pt; font-family: 'Arial', 'sans-serif';\">No of edition: 3<br \/>\n<\/span><\/p>\n<\/td>\n<td style=\"width: 272.95pt; border-color: currentcolor white white currentcolor; border-style: none solid solid none; border-width: medium 1pt 1pt medium; padding: 0cm 5.4pt; height: 1cm;\" valign=\"top\" width=\"364\">\n<p style=\"margin-bottom: 0.0001pt; line-height: normal;\"><span style=\"font-size: 10pt; font-family: 'Arial', 'sans-serif';\">R\u00f3dos harbours<\/span><\/p>\n<\/td>\n<\/tr>\n<tr style=\"height: 1cm;\">\n<td style=\"width: 225.15pt; border-color: currentcolor white white; border-style: none solid solid; border-width: medium 1pt 1pt; padding: 0cm 5.4pt; height: 1cm;\" valign=\"top\" width=\"300\">\n<p style=\"margin-bottom: 0.0001pt; line-height: normal;\"><span style=\"font-size: 10pt; font-family: 'Arial', 'sans-serif';\">Language: Greek and English<\/span><\/p>\n<\/td>\n<td style=\"width: 272.95pt; border-color: currentcolor white white currentcolor; border-style: none solid solid none; border-width: medium 1pt 1pt medium; padding: 0cm 5.4pt; height: 1cm;\" valign=\"top\" width=\"364\">\n<p style=\"margin-bottom: 0.0001pt; line-height: normal;\"><span style=\"font-size: 10pt; font-family: 'Arial', 'sans-serif';\">N. Ch\u00e1lki \u2013 N. Alimni\u00e1<\/span><\/p>\n<\/td>\n<\/tr>\n<tr style=\"height: 1cm;\">\n<td style=\"width: 225.15pt; border-color: currentcolor white white; border-style: none solid solid; border-width: medium 1pt 1pt; padding: 0cm 5.4pt; height: 1cm;\" valign=\"top\" width=\"300\">\n<p style=\"margin-bottom: 0.0001pt; line-height: normal;\"><span style=\"font-size: 10pt; font-family: 'Arial', 'sans-serif';\">Dimensions (open): 100 x 70cm<\/span><\/p>\n<\/td>\n<td style=\"width: 272.95pt; border-color: currentcolor white white currentcolor; border-style: none solid solid none; border-width: medium 1pt 1pt medium; padding: 0cm 5.4pt; height: 1cm;\" valign=\"top\" width=\"364\">\n<p style=\"margin-bottom: 0.0001pt; line-height: normal;\"><span style=\"font-size: 10pt; font-family: 'Arial', 'sans-serif';\">Pig\u00e1dia harbour and marina (K\u00e1rpathos)<\/span><\/p>\n<\/td>\n<\/tr>\n<tr style=\"height: 1cm;\">\n<td style=\"width: 225.15pt; border-color: currentcolor white white; border-style: none solid solid; border-width: medium 1pt 1pt; padding: 0cm 5.4pt; height: 1cm;\" valign=\"top\" width=\"300\">\n<p style=\"margin-bottom: 0.0001pt; line-height: normal;\"><span style=\"font-size: 10pt; font-family: 'Arial', 'sans-serif';\">\u00a0<\/span><\/p>\n<\/td>\n<td style=\"width: 272.95pt; border-color: currentcolor white white currentcolor; border-style: none solid solid none; border-width: medium 1pt 1pt medium; padding: 0cm 5.4pt; height: 1cm;\" valign=\"top\" width=\"364\">\n<p style=\"margin-bottom: 0.0001pt; line-height: normal;\"><span style=\"font-size: 10pt; font-family: 'Arial', 'sans-serif';\">Fr\u00fd harbour (K\u00e1sos)<\/span><\/p>\n<\/td>\n<\/tr>\n<tr style=\"height: 1cm;\">\n<td style=\"width: 225.15pt; border-color: currentcolor white white; border-style: none solid solid; border-width: medium 1pt 1pt; padding: 0cm 5.4pt; height: 1cm;\" valign=\"top\" width=\"300\"><\/td>\n<td style=\"width: 272.95pt; border-color: currentcolor white white currentcolor; border-style: none solid solid none; border-width: medium 1pt 1pt medium; padding: 0cm 5.4pt; height: 1cm;\" valign=\"top\" width=\"364\">\n<p style=\"margin-bottom: 0.0001pt; line-height: normal;\"><span style=\"font-size: 10pt; font-family: 'Arial', 'sans-serif';\">N. Ro and N. Kastel\u00f3rizo<\/span><\/p>\n<\/td>\n<\/tr>\n<\/tbody>\n<\/table>\n","protected":false},"excerpt":{"rendered":"<p>From N. K\u00e1lymnos up to N. K\u00e1sos<br \/>\nIncludes: Islands of Ps\u00e9rimos, Kos, N\u00edsyros, T\u00edlos, S\u00fdmi, R\u00f3dos, K\u00e1rpathos, K\u00e1sos, Kastel\u00f3rizo<\/p>\n","protected":false},"featured_media":38905,"template":"","meta":[],"product_brand":[],"product_cat":[176,178],"product_tag":[199,197,424,425,426,419,420,417,423,422,421],"class_list":{"0":"post-38061","1":"product","2":"type-product","3":"status-publish","4":"has-post-thumbnail","6":"product_cat-charts","7":"product_cat-pilot-charts","8":"product_tag-aegean","9":"product_tag-dodekanisa","10":"product_tag-karpathos","11":"product_tag-kasos","12":"product_tag-kastelorizo","13":"product_tag-kos","14":"product_tag-nisyros","15":"product_tag-pserimos","16":"product_tag-rhodes","17":"product_tag-symi","18":"product_tag-tilos","19":"description-off","21":"first","22":"instock","23":"taxable","24":"shipping-taxable","25":"purchasable","26":"product-type-simple"},"_links":{"self":[{"href":"https:\/\/eagleray.gr\/en\/wp-json\/wp\/v2\/product\/38061","targetHints":{"allow":["GET"]}}],"collection":[{"href":"https:\/\/eagleray.gr\/en\/wp-json\/wp\/v2\/product"}],"about":[{"href":"https:\/\/eagleray.gr\/en\/wp-json\/wp\/v2\/types\/product"}],"wp:featuredmedia":[{"embeddable":true,"href":"https:\/\/eagleray.gr\/en\/wp-json\/wp\/v2\/media\/38905"}],"wp:attachment":[{"href":"https:\/\/eagleray.gr\/en\/wp-json\/wp\/v2\/media?parent=38061"}],"wp:term":[{"taxonomy":"product_brand","embeddable":true,"href":"https:\/\/eagleray.gr\/en\/wp-json\/wp\/v2\/product_brand?post=38061"},{"taxonomy":"product_cat","embeddable":true,"href":"https:\/\/eagleray.gr\/en\/wp-json\/wp\/v2\/product_cat?post=38061"},{"taxonomy":"product_tag","embeddable":true,"href":"https:\/\/eagleray.gr\/en\/wp-json\/wp\/v2\/product_tag?post=38061"}],"curies":[{"name":"wp","href":"https:\/\/api.w.org\/{rel}","templated":true}]}}