
{"id":38025,"date":"2019-03-04T19:29:42","date_gmt":"2019-03-04T19:29:42","guid":{"rendered":"http:\/\/eagleray.gr\/shop\/uncategorized\/gulf-of-corinth\/"},"modified":"2020-05-09T23:36:47","modified_gmt":"2020-05-09T20:36:47","slug":"gulf-of-corinth","status":"publish","type":"product","link":"https:\/\/eagleray.gr\/en\/products\/gulf-of-corinth\/","title":{"rendered":"Gulf of Corinth"},"content":{"rendered":"<table style=\"border-collapse: collapse;\" border=\"1\" cellspacing=\"0\" cellpadding=\"0\">\n<tbody>\n<tr style=\"height: 1cm;\">\n<td style=\"width: 225.15pt; border: 1pt solid white; padding: 0cm 5.4pt; height: 1cm;\" valign=\"top\" width=\"300\">\n<p style=\"margin-bottom: 0.0001pt; line-height: normal;\"><span style=\"font-size: 10pt; font-family: 'Arial', 'sans-serif';\">Extract from: HNC\u00a0<\/span><span style=\"font-size: 10pt; font-family: 'Arial', 'sans-serif';\">040, 232<\/span><\/p>\n<\/td>\n<td style=\"width: 272.95pt; border-color: white white white currentcolor; border-style: solid solid solid none; border-width: 1pt 1pt 1pt medium; padding: 0cm 5.4pt; height: 1cm;\" valign=\"top\" width=\"364\">\n<p style=\"margin-bottom: 0.0001pt; line-height: normal;\"><strong><span style=\"font-size: 10pt; font-family: 'Arial', 'sans-serif';\">Larger scale charts included in the back side<\/span><\/strong><\/p>\n<\/td>\n<\/tr>\n<tr style=\"height: 1cm;\">\n<td style=\"width: 225.15pt; border-color: currentcolor white white; border-style: none solid solid; border-width: medium 1pt 1pt; padding: 0cm 5.4pt; height: 1cm;\" valign=\"top\" width=\"300\">\n<p style=\"margin-bottom: 0.0001pt; line-height: normal;\"><span style=\"font-size: 10pt; font-family: 'Arial', 'sans-serif';\">Scale:\u00a0<\/span><span style=\"font-size: 10pt; font-family: 'Arial', 'sans-serif';\">1:135.000<\/span><\/p>\n<\/td>\n<td style=\"width: 272.95pt; border-color: currentcolor white white currentcolor; border-style: none solid solid none; border-width: medium 1pt 1pt medium; padding: 0cm 5.4pt; height: 1cm;\" valign=\"top\" width=\"364\">\n<p style=\"margin-bottom: 0.0001pt; line-height: normal;\"><span style=\"font-size: 10pt; font-family: 'Arial', 'sans-serif';\">N\u00e1fpaktos bay and harbour<\/span><\/p>\n<\/td>\n<\/tr>\n<tr style=\"height: 1cm;\">\n<td style=\"width: 225.15pt; border-color: currentcolor white white; border-style: none solid solid; border-width: medium 1pt 1pt; padding: 0cm 5.4pt; height: 1cm;\" valign=\"top\" width=\"300\">\n<p style=\"margin-bottom: 0.0001pt; line-height: normal;\"><span style=\"font-size: 10pt; font-family: 'Arial', 'sans-serif';\">ISBN:\u00a0<\/span><span style=\"font-size: 10pt; font-family: 'Arial', 'sans-serif';\">960-88464-0-4<\/span><\/p>\n<\/td>\n<td style=\"width: 272.95pt; border-color: currentcolor white white currentcolor; border-style: none solid solid none; border-width: medium 1pt 1pt medium; padding: 0cm 5.4pt; height: 1cm;\" valign=\"top\" width=\"364\">\n<p style=\"margin-bottom: 0.0001pt; line-height: normal;\"><span style=\"font-size: 10pt; font-family: 'Arial', 'sans-serif';\">Triz\u00f3nia marina<\/span><\/p>\n<\/td>\n<\/tr>\n<tr style=\"height: 1cm;\">\n<td style=\"width: 225.15pt; border-color: currentcolor white white; border-style: none solid solid; border-width: medium 1pt 1pt; padding: 0cm 5.4pt; height: 1cm;\" valign=\"top\" width=\"300\">\n<p style=\"margin-bottom: 0.0001pt; line-height: normal;\"><span style=\"font-size: 10pt; font-family: 'Arial', 'sans-serif';\">Edition:\u00a0<\/span><span style=\"font-size: 10pt; font-family: 'Arial', 'sans-serif';\">2017<\/span><\/p>\n<\/td>\n<td style=\"width: 272.95pt; border-color: currentcolor white white currentcolor; border-style: none solid solid none; border-width: medium 1pt 1pt medium; padding: 0cm 5.4pt; height: 1cm;\" valign=\"top\" width=\"364\">\n<p style=\"margin-bottom: 0.0001pt; line-height: normal;\"><span style=\"font-size: 10pt; font-family: 'Arial', 'sans-serif';\">Approaches and harbour of A\u00edgio<\/span><\/p>\n<\/td>\n<\/tr>\n<tr style=\"height: 1cm;\">\n<td style=\"width: 225.15pt; border-color: currentcolor white white; border-style: none solid solid; border-width: medium 1pt 1pt; padding: 0cm 5.4pt; height: 1cm;\" valign=\"top\" width=\"300\">\n<p style=\"margin-bottom: 0.0001pt; line-height: normal;\"><span style=\"font-size: 10pt; font-family: 'Arial', 'sans-serif';\">No of edition: 3<\/span><\/p>\n<\/td>\n<td style=\"width: 272.95pt; border-color: currentcolor white white currentcolor; border-style: none solid solid none; border-width: medium 1pt 1pt medium; padding: 0cm 5.4pt; height: 1cm;\" valign=\"top\" width=\"364\">\n<p style=\"margin-bottom: 0.0001pt; line-height: normal;\"><span style=\"font-size: 10pt; font-family: 'Arial', 'sans-serif';\">Bays of Eratein\u00ed and P\u00e1normos<\/span><\/p>\n<\/td>\n<\/tr>\n<tr style=\"height: 1cm;\">\n<td style=\"width: 225.15pt; border-color: currentcolor white white; border-style: none solid solid; border-width: medium 1pt 1pt; padding: 0cm 5.4pt; height: 1cm;\" valign=\"top\" width=\"300\">\n<p style=\"margin-bottom: 0.0001pt; line-height: normal;\"><span style=\"font-size: 10pt; font-family: 'Arial', 'sans-serif';\">Language: Greek and English<\/span><\/p>\n<\/td>\n<td style=\"width: 272.95pt; border-color: currentcolor white white currentcolor; border-style: none solid solid none; border-width: medium 1pt 1pt medium; padding: 0cm 5.4pt; height: 1cm;\" valign=\"top\" width=\"364\">\n<p style=\"margin-bottom: 0.0001pt; line-height: normal;\"><span style=\"font-size: 10pt; font-family: 'Arial', 'sans-serif';\">Krissa\u00edos (It\u00e9a) Gulf and Galax\u00eddi harbour<\/span><\/p>\n<\/td>\n<\/tr>\n<tr style=\"height: 1cm;\">\n<td style=\"width: 225.15pt; border-color: currentcolor white white; border-style: none solid solid; border-width: medium 1pt 1pt; padding: 0cm 5.4pt; height: 1cm;\" valign=\"top\" width=\"300\">\n<p style=\"margin-bottom: 0.0001pt; line-height: normal;\"><span style=\"font-size: 10pt; font-family: 'Arial', 'sans-serif';\">Dimensions (open): 100 x 70cm<\/span><\/p>\n<\/td>\n<td style=\"width: 272.95pt; border-color: currentcolor white white currentcolor; border-style: none solid solid none; border-width: medium 1pt 1pt medium; padding: 0cm 5.4pt; height: 1cm;\" valign=\"top\" width=\"364\">\n<p style=\"margin-bottom: 0.0001pt; line-height: normal;\"><span style=\"font-size: 10pt; font-family: 'Arial', 'sans-serif';\">Gulf and harbour of Ant\u00edkyra<\/span><\/p>\n<\/td>\n<\/tr>\n<tr style=\"height: 1cm;\">\n<td style=\"width: 225.15pt; border-color: currentcolor white white; border-style: none solid solid; border-width: medium 1pt 1pt; padding: 0cm 5.4pt; height: 1cm;\" valign=\"top\" width=\"300\">\n<p style=\"margin-bottom: 0.0001pt; line-height: normal;\"><span style=\"font-size: 10pt; font-family: 'Arial', 'sans-serif';\">\u00a0<\/span><\/p>\n<\/td>\n<td style=\"width: 272.95pt; border-color: currentcolor white white currentcolor; border-style: none solid solid none; border-width: medium 1pt 1pt medium; padding: 0cm 5.4pt; height: 1cm;\" valign=\"top\" width=\"364\">\n<p style=\"margin-bottom: 0.0001pt; line-height: normal;\"><span style=\"font-size: 10pt; font-family: 'Arial', 'sans-serif';\">Alkyon\u00eddes islets<\/span><\/p>\n<\/td>\n<\/tr>\n<tr style=\"height: 1cm;\">\n<td style=\"width: 225.15pt; border-color: currentcolor white white; border-style: none solid solid; border-width: medium 1pt 1pt; padding: 0cm 5.4pt; height: 1cm;\" valign=\"top\" width=\"300\">\n<p style=\"margin-bottom: 0.0001pt; line-height: normal;\">\n<\/td>\n<td style=\"width: 272.95pt; border-color: currentcolor white white currentcolor; border-style: none solid solid none; border-width: medium 1pt 1pt medium; padding: 0cm 5.4pt; height: 1cm;\" valign=\"top\" width=\"364\">\n<p style=\"margin-bottom: 0.0001pt; line-height: normal;\"><span style=\"font-size: 10pt; font-family: 'Arial', 'sans-serif';\">Corinth Canal<\/span><\/p>\n<\/td>\n<\/tr>\n<\/tbody>\n<\/table>\n","protected":false},"excerpt":{"rendered":"<p>From R\u00edo Ant\u00edrio bridge up to Corinth Canal<br \/>\nIncludes: North coast of Peloponnese, Alkyon\u00eddes Gulf, Ant\u00edkyra Gulf, Krissa\u00edos (It\u00e9a) Gulf, Triz\u00f3nia islet<\/p>\n","protected":false},"featured_media":37591,"template":"","meta":[],"product_brand":[],"product_cat":[176,178],"product_tag":[403,404,402,227,405,231,406],"class_list":{"0":"post-38025","1":"product","2":"type-product","3":"status-publish","4":"has-post-thumbnail","6":"product_cat-charts","7":"product_cat-pilot-charts","8":"product_tag-alkyonides-gulf","9":"product_tag-antikyra-gulf","10":"product_tag-corinth-canal","11":"product_tag-corinthiakos","12":"product_tag-krissaios","13":"product_tag-peloponnese","14":"product_tag-trizonia","15":"description-off","17":"first","18":"instock","19":"taxable","20":"shipping-taxable","21":"purchasable","22":"product-type-simple"},"_links":{"self":[{"href":"https:\/\/eagleray.gr\/en\/wp-json\/wp\/v2\/product\/38025","targetHints":{"allow":["GET"]}}],"collection":[{"href":"https:\/\/eagleray.gr\/en\/wp-json\/wp\/v2\/product"}],"about":[{"href":"https:\/\/eagleray.gr\/en\/wp-json\/wp\/v2\/types\/product"}],"wp:featuredmedia":[{"embeddable":true,"href":"https:\/\/eagleray.gr\/en\/wp-json\/wp\/v2\/media\/37591"}],"wp:attachment":[{"href":"https:\/\/eagleray.gr\/en\/wp-json\/wp\/v2\/media?parent=38025"}],"wp:term":[{"taxonomy":"product_brand","embeddable":true,"href":"https:\/\/eagleray.gr\/en\/wp-json\/wp\/v2\/product_brand?post=38025"},{"taxonomy":"product_cat","embeddable":true,"href":"https:\/\/eagleray.gr\/en\/wp-json\/wp\/v2\/product_cat?post=38025"},{"taxonomy":"product_tag","embeddable":true,"href":"https:\/\/eagleray.gr\/en\/wp-json\/wp\/v2\/product_tag?post=38025"}],"curies":[{"name":"wp","href":"https:\/\/api.w.org\/{rel}","templated":true}]}}