
{"id":38018,"date":"2019-03-04T19:37:55","date_gmt":"2019-03-04T19:37:55","guid":{"rendered":"http:\/\/eagleray.gr\/shop\/uncategorized\/lefkada-amvrakikos-gulf\/"},"modified":"2020-05-01T12:43:09","modified_gmt":"2020-05-01T09:43:09","slug":"lefkada-amvrakikos-gulf","status":"publish","type":"product","link":"https:\/\/eagleray.gr\/en\/products\/lefkada-amvrakikos-gulf\/","title":{"rendered":"Lefkada &#8211; Amvrakikos Gulf"},"content":{"rendered":"<table style=\"border-collapse: collapse\" border=\"1\" cellspacing=\"0\" cellpadding=\"0\">\n<tbody>\n<tr style=\"height: 1cm\">\n<td style=\"width: 225.15pt;border: 1pt solid white;padding: 0cm 5.4pt;height: 1cm\" valign=\"top\" width=\"300\">\n<p style=\"margin-bottom: 0.0001pt;line-height: normal\"><span style=\"font-size: 10pt;font-family: 'Arial', 'sans-serif'\">Extract from: HNC 030, 2131<\/span><\/p>\n<\/td>\n<td style=\"width: 272.95pt;border-color: white white white currentcolor;border-style: solid solid solid none;border-width: 1pt 1pt 1pt medium;padding: 0cm 5.4pt;height: 1cm\" valign=\"top\" width=\"364\">\n<p style=\"margin-bottom: 0.0001pt;line-height: normal\"><strong><span style=\"font-size: 10pt;font-family: 'Arial', 'sans-serif'\">Larger scale charts included in the back side<\/span><\/strong><\/p>\n<\/td>\n<\/tr>\n<tr style=\"height: 1cm\">\n<td style=\"width: 225.15pt;border-color: currentcolor white white;border-style: none solid solid;border-width: medium 1pt 1pt;padding: 0cm 5.4pt;height: 1cm\" valign=\"top\" width=\"300\">\n<p style=\"margin-bottom: 0.0001pt;line-height: normal\"><span style=\"font-size: 10pt;font-family: 'Arial', 'sans-serif'\">Scale: 1:93.000<\/span><\/p>\n<\/td>\n<td style=\"width: 272.95pt;border-color: currentcolor white white currentcolor;border-style: none solid solid none;border-width: medium 1pt 1pt medium;padding: 0cm 5.4pt;height: 1cm\" valign=\"top\" width=\"364\">\n<p style=\"margin-bottom: 0.0001pt;line-height: normal\"><span style=\"font-size: 10pt;font-family: 'Arial', 'sans-serif'\">Pr\u00e9veza channel and harbour<\/span><\/p>\n<\/td>\n<\/tr>\n<tr style=\"height: 1cm\">\n<td style=\"width: 225.15pt;border-color: currentcolor white white;border-style: none solid solid;border-width: medium 1pt 1pt;padding: 0cm 5.4pt;height: 1cm\" valign=\"top\" width=\"300\">\n<p style=\"margin-bottom: 0.0001pt;line-height: normal\"><span style=\"font-size: 10pt;font-family: 'Arial', 'sans-serif'\">ISBN:\u00a0<\/span><span style=\"font-size: 10pt;font-family: 'Arial', 'sans-serif'\">978-960-89742-7-2<\/span><\/p>\n<\/td>\n<td style=\"width: 272.95pt;border-color: currentcolor white white currentcolor;border-style: none solid solid none;border-width: medium 1pt 1pt medium;padding: 0cm 5.4pt;height: 1cm\" valign=\"top\" width=\"364\">\n<p style=\"margin-bottom: 0.0001pt;line-height: normal\"><span style=\"font-size: 10pt;font-family: 'Arial', 'sans-serif'\">V\u00f3nitsa bay and marina<\/span><\/p>\n<\/td>\n<\/tr>\n<tr style=\"height: 1cm\">\n<td style=\"width: 225.15pt;border-color: currentcolor white white;border-style: none solid solid;border-width: medium 1pt 1pt;padding: 0cm 5.4pt;height: 1cm\" valign=\"top\" width=\"300\">\n<p style=\"margin-bottom: 0.0001pt;line-height: normal\"><span style=\"font-size: 10pt;font-family: 'Arial', 'sans-serif'\">Edition:\u00a0<\/span><span style=\"font-size: 10pt;font-family: 'Arial', 'sans-serif'\">201<\/span><span style=\"font-size: 10pt;font-family: 'Arial', 'sans-serif'\">6<\/span><\/p>\n<\/td>\n<td style=\"width: 272.95pt;border-color: currentcolor white white currentcolor;border-style: none solid solid none;border-width: medium 1pt 1pt medium;padding: 0cm 5.4pt;height: 1cm\" valign=\"top\" width=\"364\">\n<p style=\"margin-bottom: 0.0001pt;line-height: normal\"><span style=\"font-size: 10pt;font-family: 'Arial', 'sans-serif'\">Amfiloch\u00eda harbour and marina<\/span><\/p>\n<\/td>\n<\/tr>\n<tr style=\"height: 1cm\">\n<td style=\"width: 225.15pt;border-color: currentcolor white white;border-style: none solid solid;border-width: medium 1pt 1pt;padding: 0cm 5.4pt;height: 1cm\" valign=\"top\" width=\"300\">\n<p style=\"margin-bottom: 0.0001pt;line-height: normal\"><span style=\"font-size: 10pt;font-family: 'Arial', 'sans-serif'\">No of edition: 2<\/span><\/p>\n<\/td>\n<td style=\"width: 272.95pt;border-color: currentcolor white white currentcolor;border-style: none solid solid none;border-width: medium 1pt 1pt medium;padding: 0cm 5.4pt;height: 1cm\" valign=\"top\" width=\"364\">\n<p style=\"margin-bottom: 0.0001pt;line-height: normal\"><span style=\"font-size: 10pt;font-family: 'Arial', 'sans-serif'\">Lefk\u00e1da channel<\/span><\/p>\n<\/td>\n<\/tr>\n<tr style=\"height: 1cm\">\n<td style=\"width: 225.15pt;border-color: currentcolor white white;border-style: none solid solid;border-width: medium 1pt 1pt;padding: 0cm 5.4pt;height: 1cm\" valign=\"top\" width=\"300\">\n<p style=\"margin-bottom: 0.0001pt;line-height: normal\"><span style=\"font-size: 10pt;font-family: 'Arial', 'sans-serif'\">Language: Greek and English<\/span><\/p>\n<\/td>\n<td style=\"width: 272.95pt;border-color: currentcolor white white currentcolor;border-style: none solid solid none;border-width: medium 1pt 1pt medium;padding: 0cm 5.4pt;height: 1cm\" valign=\"top\" width=\"364\">\n<p style=\"margin-bottom: 0.0001pt;line-height: normal\"><span style=\"font-size: 10pt;font-family: 'Arial', 'sans-serif'\">Lefk\u00e1da harbour and marina<\/span><\/p>\n<\/td>\n<\/tr>\n<tr style=\"height: 1cm\">\n<td style=\"width: 225.15pt;border-color: currentcolor white white;border-style: none solid solid;border-width: medium 1pt 1pt;padding: 0cm 5.4pt;height: 1cm\" valign=\"top\" width=\"300\">\n<p style=\"margin-bottom: 0.0001pt;line-height: normal\"><span style=\"font-size: 10pt;font-family: 'Arial', 'sans-serif'\">Dimensions (open): 100 x 70cm<\/span><\/p>\n<\/td>\n<td style=\"width: 272.95pt;border-color: currentcolor white white currentcolor;border-style: none solid solid none;border-width: medium 1pt 1pt medium;padding: 0cm 5.4pt;height: 1cm\" valign=\"top\" width=\"364\">\n<p style=\"margin-bottom: 0.0001pt;line-height: normal\"><span style=\"font-size: 10pt;font-family: 'Arial', 'sans-serif'\">Bay and marina of Vath\u00fd (Megan\u00edsi)<\/span><\/p>\n<\/td>\n<\/tr>\n<tr style=\"height: 1cm\">\n<td style=\"width: 225.15pt;border-color: currentcolor white white;border-style: none solid solid;border-width: medium 1pt 1pt;padding: 0cm 5.4pt;height: 1cm\" valign=\"top\" width=\"300\">\n<p style=\"margin-bottom: 0.0001pt;line-height: normal\"><span style=\"font-size: 10pt;font-family: 'Arial', 'sans-serif'\">\u00a0<\/span><\/p>\n<\/td>\n<td style=\"width: 272.95pt;border-color: currentcolor white white currentcolor;border-style: none solid solid none;border-width: medium 1pt 1pt medium;padding: 0cm 5.4pt;height: 1cm\" valign=\"top\" width=\"364\">\n<p style=\"margin-bottom: 0.0001pt;line-height: normal\"><span style=\"font-size: 10pt;font-family: 'Arial', 'sans-serif'\">Approaches and harbour of Astak\u00f3s<\/span><\/p>\n<\/td>\n<\/tr>\n<tr style=\"height: 1cm\">\n<td style=\"width: 225.15pt;border-color: currentcolor white white;border-style: none solid solid;border-width: medium 1pt 1pt;padding: 0cm 5.4pt;height: 1cm\" valign=\"top\" width=\"300\">\n<p style=\"margin-bottom: 0.0001pt;line-height: normal\"><span style=\"font-size: 10pt;font-family: 'Arial', 'sans-serif'\">\u00a0<\/span><\/p>\n<\/td>\n<td style=\"width: 272.95pt;border-color: currentcolor white white currentcolor;border-style: none solid solid none;border-width: medium 1pt 1pt medium;padding: 0cm 5.4pt;height: 1cm\" valign=\"top\" width=\"364\">\n<p style=\"margin-bottom: 0.0001pt;line-height: normal\"><span style=\"font-size: 10pt;font-family: 'Arial', 'sans-serif'\">Bay and harbour of Vath\u00fd (Ith\u00e1ki)<\/span><\/p>\n<\/td>\n<\/tr>\n<\/tbody>\n<\/table>\n","protected":false},"excerpt":{"rendered":"<p>From N. Kefalloni\u00e1 up to Amvrakik\u00f3s Gulf<br \/>\nIncludes: Amvrakik\u00f3s Gulf, W coasts of mainland<br \/>\nIslands of Ith\u00e1ki, Lefk\u00e1da, Megan\u00edsi, K\u00e1lamos, K\u00e1stos<\/p>\n","protected":false},"featured_media":37594,"template":"","meta":[],"product_brand":[],"product_cat":[176,178],"product_tag":[224,202,349,350,351,228],"class_list":{"0":"post-38018","1":"product","2":"type-product","3":"status-publish","4":"has-post-thumbnail","6":"product_cat-charts","7":"product_cat-pilot-charts","8":"product_tag-amvrakikos","9":"product_tag-ionio","10":"product_tag-ithaca","11":"product_tag-kalamos","12":"product_tag-kastos","13":"product_tag-lefkada","14":"description-off","16":"first","17":"instock","18":"taxable","19":"shipping-taxable","20":"purchasable","21":"product-type-simple"},"_links":{"self":[{"href":"https:\/\/eagleray.gr\/en\/wp-json\/wp\/v2\/product\/38018","targetHints":{"allow":["GET"]}}],"collection":[{"href":"https:\/\/eagleray.gr\/en\/wp-json\/wp\/v2\/product"}],"about":[{"href":"https:\/\/eagleray.gr\/en\/wp-json\/wp\/v2\/types\/product"}],"wp:featuredmedia":[{"embeddable":true,"href":"https:\/\/eagleray.gr\/en\/wp-json\/wp\/v2\/media\/37594"}],"wp:attachment":[{"href":"https:\/\/eagleray.gr\/en\/wp-json\/wp\/v2\/media?parent=38018"}],"wp:term":[{"taxonomy":"product_brand","embeddable":true,"href":"https:\/\/eagleray.gr\/en\/wp-json\/wp\/v2\/product_brand?post=38018"},{"taxonomy":"product_cat","embeddable":true,"href":"https:\/\/eagleray.gr\/en\/wp-json\/wp\/v2\/product_cat?post=38018"},{"taxonomy":"product_tag","embeddable":true,"href":"https:\/\/eagleray.gr\/en\/wp-json\/wp\/v2\/product_tag?post=38018"}],"curies":[{"name":"wp","href":"https:\/\/api.w.org\/{rel}","templated":true}]}}