
{"id":38011,"date":"2019-03-04T20:05:40","date_gmt":"2019-03-04T20:05:40","guid":{"rendered":"http:\/\/eagleray.gr\/shop\/uncategorized\/antipaxi-kiparisia\/"},"modified":"2020-05-01T12:42:54","modified_gmt":"2020-05-01T09:42:54","slug":"antipaxi-kiparisia","status":"publish","type":"product","link":"https:\/\/eagleray.gr\/en\/products\/antipaxi-kiparisia\/","title":{"rendered":"Antipaxi Kiparisia"},"content":{"rendered":"<table style=\"border-collapse: collapse\" border=\"1\" cellspacing=\"0\" cellpadding=\"0\">\n<tbody>\n<tr style=\"height: 1cm\">\n<td style=\"width: 225.15pt;border: 1pt solid white;padding: 0cm 5.4pt;height: 1cm\" valign=\"top\" width=\"300\">\n<p style=\"margin-bottom: 0.0001pt;line-height: normal\"><span style=\"font-size: 10pt;font-family: 'Arial', 'sans-serif'\">Extract from: HNC 21, 22<\/span><\/p>\n<\/td>\n<td style=\"width: 272.95pt;border-color: white white white currentcolor;border-style: solid solid solid none;border-width: 1pt 1pt 1pt medium;padding: 0cm 5.4pt;height: 1cm\" valign=\"top\" width=\"364\">\n<p style=\"margin-bottom: 0.0001pt;line-height: normal\"><strong><span style=\"font-size: 10pt;font-family: 'Arial', 'sans-serif'\">Larger scale charts included in the back side<\/span><\/strong><\/p>\n<\/td>\n<\/tr>\n<tr style=\"height: 1cm\">\n<td style=\"width: 225.15pt;border-color: currentcolor white white;border-style: none solid solid;border-width: medium 1pt 1pt;padding: 0cm 5.4pt;height: 1cm\" valign=\"top\" width=\"300\">\n<p style=\"margin-bottom: 0.0001pt;line-height: normal\"><span style=\"font-size: 10pt;font-family: 'Arial', 'sans-serif'\">Scale: 1:218.000<\/span><\/p>\n<\/td>\n<td style=\"width: 272.95pt;border-color: currentcolor white white currentcolor;border-style: none solid solid none;border-width: medium 1pt 1pt medium;padding: 0cm 5.4pt;height: 1cm\" valign=\"top\" width=\"364\">\n<p style=\"margin-bottom: 0.0001pt;line-height: normal\"><span style=\"font-size: 10pt;font-family: 'Arial', 'sans-serif'\">Pr\u00e9veza channel and harbour<\/span><\/p>\n<\/td>\n<\/tr>\n<tr style=\"height: 1cm\">\n<td style=\"width: 225.15pt;border-color: currentcolor white white;border-style: none solid solid;border-width: medium 1pt 1pt;padding: 0cm 5.4pt;height: 1cm\" valign=\"top\" width=\"300\">\n<p style=\"margin-bottom: 0.0001pt;line-height: normal\"><span style=\"font-size: 10pt;font-family: 'Arial', 'sans-serif'\">ISBN:\u00a0<\/span><span style=\"font-size: 10pt;font-family: 'Arial', 'sans-serif'\">978-960-9404-00-6<\/span><\/p>\n<\/td>\n<td style=\"width: 272.95pt;border-color: currentcolor white white currentcolor;border-style: none solid solid none;border-width: medium 1pt 1pt medium;padding: 0cm 5.4pt;height: 1cm\" valign=\"top\" width=\"364\">\n<p style=\"margin-bottom: 0.0001pt;line-height: normal\"><span style=\"font-size: 10pt;font-family: 'Arial', 'sans-serif'\">Lefk\u00e1da channel<\/span><\/p>\n<\/td>\n<\/tr>\n<tr style=\"height: 1cm\">\n<td style=\"width: 225.15pt;border-color: currentcolor white white;border-style: none solid solid;border-width: medium 1pt 1pt;padding: 0cm 5.4pt;height: 1cm\" valign=\"top\" width=\"300\">\n<p style=\"margin-bottom: 0.0001pt;line-height: normal\"><span style=\"font-size: 10pt;font-family: 'Arial', 'sans-serif'\">Edition:\u00a0<\/span><span style=\"font-size: 10pt;font-family: 'Arial', 'sans-serif'\">201<\/span><span style=\"font-size: 10pt;font-family: 'Arial', 'sans-serif'\">7<\/span><\/p>\n<\/td>\n<td style=\"width: 272.95pt;border-color: currentcolor white white currentcolor;border-style: none solid solid none;border-width: medium 1pt 1pt medium;padding: 0cm 5.4pt;height: 1cm\" valign=\"top\" width=\"364\">\n<p style=\"margin-bottom: 0.0001pt;line-height: normal\"><span style=\"font-size: 10pt;font-family: 'Arial', 'sans-serif'\">Approaches and harbour of Astak\u00f3s<\/span><\/p>\n<\/td>\n<\/tr>\n<tr style=\"height: 1cm\">\n<td style=\"width: 225.15pt;border-color: currentcolor white white;border-style: none solid solid;border-width: medium 1pt 1pt;padding: 0cm 5.4pt;height: 1cm\" valign=\"top\" width=\"300\">\n<p style=\"margin-bottom: 0.0001pt;line-height: normal\"><span style=\"font-size: 10pt;font-family: 'Arial', 'sans-serif'\">No of edition: 2<\/span><\/p>\n<\/td>\n<td style=\"width: 272.95pt;border-color: currentcolor white white currentcolor;border-style: none solid solid none;border-width: medium 1pt 1pt medium;padding: 0cm 5.4pt;height: 1cm\" valign=\"top\" width=\"364\">\n<p style=\"margin-bottom: 0.0001pt;line-height: normal\"><span style=\"font-size: 10pt;font-family: 'Arial', 'sans-serif'\">Bay and harbour of Argost\u00f3li (Kefalloni\u00e1)<\/span><\/p>\n<\/td>\n<\/tr>\n<tr style=\"height: 1cm\">\n<td style=\"width: 225.15pt;border-color: currentcolor white white;border-style: none solid solid;border-width: medium 1pt 1pt;padding: 0cm 5.4pt;height: 1cm\" valign=\"top\" width=\"300\">\n<p style=\"margin-bottom: 0.0001pt;line-height: normal\"><span style=\"font-size: 10pt;font-family: 'Arial', 'sans-serif'\">Language: Greek and English<\/span><\/p>\n<\/td>\n<td style=\"width: 272.95pt;border-color: currentcolor white white currentcolor;border-style: none solid solid none;border-width: medium 1pt 1pt medium;padding: 0cm 5.4pt;height: 1cm\" valign=\"top\" width=\"364\">\n<p style=\"margin-bottom: 0.0001pt;line-height: normal\"><span style=\"font-size: 10pt;font-family: 'Arial', 'sans-serif'\">Z\u00e1kynthos harbour<\/span><\/p>\n<\/td>\n<\/tr>\n<tr style=\"height: 1cm\">\n<td style=\"width: 225.15pt;border-color: currentcolor white white;border-style: none solid solid;border-width: medium 1pt 1pt;padding: 0cm 5.4pt;height: 1cm\" valign=\"top\" width=\"300\">\n<p style=\"margin-bottom: 0.0001pt;line-height: normal\"><span style=\"font-size: 10pt;font-family: 'Arial', 'sans-serif'\">Dimensions (open): 100 x 70cm<\/span><\/p>\n<\/td>\n<td style=\"width: 272.95pt;border-color: currentcolor white white currentcolor;border-style: none solid solid none;border-width: medium 1pt 1pt medium;padding: 0cm 5.4pt;height: 1cm\" valign=\"top\" width=\"364\"><\/td>\n<\/tr>\n<tr style=\"height: 1cm\">\n<td style=\"width: 225.15pt;border-color: currentcolor white white;border-style: none solid solid;border-width: medium 1pt 1pt;padding: 0cm 5.4pt;height: 1cm\" valign=\"top\" width=\"300\">\n<p style=\"margin-bottom: 0.0001pt;line-height: normal\"><span style=\"font-size: 10pt;font-family: 'Arial', 'sans-serif'\">\u00a0<\/span><\/p>\n<\/td>\n<td style=\"width: 272.95pt;border-color: currentcolor white white currentcolor;border-style: none solid solid none;border-width: medium 1pt 1pt medium;padding: 0cm 5.4pt;height: 1cm\" valign=\"top\" width=\"364\"><\/td>\n<\/tr>\n<tr style=\"height: 1cm\">\n<td style=\"width: 225.15pt;border-color: currentcolor white white;border-style: none solid solid;border-width: medium 1pt 1pt;padding: 0cm 5.4pt;height: 1cm\" valign=\"top\" width=\"300\"><\/td>\n<\/tr>\n<\/tbody>\n<\/table>\n","protected":false},"excerpt":{"rendered":"<p>From N. Paxo\u00ed up to Kypariss\u00eda bay<br \/>\nIncludes: Amvrakik\u00f3s Gulf, W coasts of mainland, W coast of Peloponnese up to Kypariss\u00eda<br \/>\nIslands of Lefk\u00e1da, Kefalloni\u00e1, Ith\u00e1ki, Z\u00e1kynthos<\/p>\n","protected":false},"featured_media":37611,"template":"","meta":[],"product_brand":[],"product_cat":[176,178],"product_tag":[224,202,349,353,228,354],"class_list":{"0":"post-38011","1":"product","2":"type-product","3":"status-publish","4":"has-post-thumbnail","6":"product_cat-charts","7":"product_cat-pilot-charts","8":"product_tag-amvrakikos","9":"product_tag-ionio","10":"product_tag-ithaca","11":"product_tag-kefallonia","12":"product_tag-lefkada","13":"product_tag-zakynthos","14":"description-off","16":"first","17":"instock","18":"taxable","19":"shipping-taxable","20":"purchasable","21":"product-type-simple"},"_links":{"self":[{"href":"https:\/\/eagleray.gr\/en\/wp-json\/wp\/v2\/product\/38011","targetHints":{"allow":["GET"]}}],"collection":[{"href":"https:\/\/eagleray.gr\/en\/wp-json\/wp\/v2\/product"}],"about":[{"href":"https:\/\/eagleray.gr\/en\/wp-json\/wp\/v2\/types\/product"}],"wp:featuredmedia":[{"embeddable":true,"href":"https:\/\/eagleray.gr\/en\/wp-json\/wp\/v2\/media\/37611"}],"wp:attachment":[{"href":"https:\/\/eagleray.gr\/en\/wp-json\/wp\/v2\/media?parent=38011"}],"wp:term":[{"taxonomy":"product_brand","embeddable":true,"href":"https:\/\/eagleray.gr\/en\/wp-json\/wp\/v2\/product_brand?post=38011"},{"taxonomy":"product_cat","embeddable":true,"href":"https:\/\/eagleray.gr\/en\/wp-json\/wp\/v2\/product_cat?post=38011"},{"taxonomy":"product_tag","embeddable":true,"href":"https:\/\/eagleray.gr\/en\/wp-json\/wp\/v2\/product_tag?post=38011"}],"curies":[{"name":"wp","href":"https:\/\/api.w.org\/{rel}","templated":true}]}}