
{"id":38004,"date":"2019-03-04T20:12:41","date_gmt":"2019-03-04T20:12:41","guid":{"rendered":"http:\/\/eagleray.gr\/shop\/uncategorized\/south-peloponnese\/"},"modified":"2020-05-01T12:42:36","modified_gmt":"2020-05-01T09:42:36","slug":"south-peloponnese","status":"publish","type":"product","link":"https:\/\/eagleray.gr\/en\/products\/south-peloponnese\/","title":{"rendered":"South Peloponnese"},"content":{"rendered":"<table style=\"border-collapse: collapse\" border=\"1\" cellspacing=\"0\" cellpadding=\"0\">\n<tbody>\n<tr style=\"height: 1cm\">\n<td style=\"width: 225.15pt;border: 1pt solid white;padding: 0cm 5.4pt;height: 1cm\" valign=\"top\" width=\"300\">\n<p style=\"margin-bottom: 0.0001pt;line-height: normal\"><span style=\"font-size: 10pt;font-family: 'Arial', 'sans-serif'\">Extract from: HNC 22, 43<\/span><\/p>\n<\/td>\n<td style=\"width: 272.95pt;border-color: white white white currentcolor;border-style: solid solid solid none;border-width: 1pt 1pt 1pt medium;padding: 0cm 5.4pt;height: 1cm\" valign=\"top\" width=\"364\">\n<p style=\"margin-bottom: 0.0001pt;line-height: normal\"><strong><span style=\"font-size: 10pt;font-family: 'Arial', 'sans-serif'\">Larger scale charts included in the back side<\/span><\/strong><\/p>\n<\/td>\n<\/tr>\n<tr style=\"height: 1cm\">\n<td style=\"width: 225.15pt;border-color: currentcolor white white;border-style: none solid solid;border-width: medium 1pt 1pt;padding: 0cm 5.4pt;height: 1cm\" valign=\"top\" width=\"300\">\n<p style=\"margin-bottom: 0.0001pt;line-height: normal\"><span style=\"font-size: 10pt;font-family: 'Arial', 'sans-serif'\">Scale: 1:244.000<\/span><\/p>\n<\/td>\n<td style=\"width: 272.95pt;border-color: currentcolor white white currentcolor;border-style: none solid solid none;border-width: medium 1pt 1pt medium;padding: 0cm 5.4pt;height: 1cm\" valign=\"top\" width=\"364\">\n<p style=\"margin-bottom: 0.0001pt;line-height: normal\"><span style=\"font-size: 10pt;font-family: 'Arial', 'sans-serif'\">O. Navar\u00edno and P\u00fdlos marina<\/span><\/p>\n<\/td>\n<\/tr>\n<tr style=\"height: 1cm\">\n<td style=\"width: 225.15pt;border-color: currentcolor white white;border-style: none solid solid;border-width: medium 1pt 1pt;padding: 0cm 5.4pt;height: 1cm\" valign=\"top\" width=\"300\">\n<p style=\"margin-bottom: 0.0001pt;line-height: normal\"><span style=\"font-size: 10pt;font-family: 'Arial', 'sans-serif'\">ISBN: 978-960-89742-9-6<\/span><\/p>\n<\/td>\n<td style=\"width: 272.95pt;border-color: currentcolor white white currentcolor;border-style: none solid solid none;border-width: medium 1pt 1pt medium;padding: 0cm 5.4pt;height: 1cm\" valign=\"top\" width=\"364\">\n<p style=\"margin-bottom: 0.0001pt;line-height: normal\"><span style=\"font-size: 10pt;font-family: 'Arial', 'sans-serif'\">Meth\u00f3ni harbour<\/span><\/p>\n<\/td>\n<\/tr>\n<tr style=\"height: 1cm\">\n<td style=\"width: 225.15pt;border-color: currentcolor white white;border-style: none solid solid;border-width: medium 1pt 1pt;padding: 0cm 5.4pt;height: 1cm\" valign=\"top\" width=\"300\">\n<p style=\"margin-bottom: 0.0001pt;line-height: normal\"><span style=\"font-size: 10pt;font-family: 'Arial', 'sans-serif'\">Edition: 2017<\/span><\/p>\n<\/td>\n<td style=\"width: 272.95pt;border-color: currentcolor white white currentcolor;border-style: none solid solid none;border-width: medium 1pt 1pt medium;padding: 0cm 5.4pt;height: 1cm\" valign=\"top\" width=\"364\">\n<p style=\"margin-bottom: 0.0001pt;line-height: normal\"><span style=\"font-size: 10pt;font-family: 'Arial', 'sans-serif'\">Kor\u00f3ni harbour<\/span><\/p>\n<\/td>\n<\/tr>\n<tr style=\"height: 1cm\">\n<td style=\"width: 225.15pt;border-color: currentcolor white white;border-style: none solid solid;border-width: medium 1pt 1pt;padding: 0cm 5.4pt;height: 1cm\" valign=\"top\" width=\"300\">\n<p style=\"margin-bottom: 0.0001pt;line-height: normal\"><span style=\"font-size: 10pt;font-family: 'Arial', 'sans-serif'\">No of edition: 2<\/span><\/p>\n<\/td>\n<td style=\"width: 272.95pt;border-color: currentcolor white white currentcolor;border-style: none solid solid none;border-width: medium 1pt 1pt medium;padding: 0cm 5.4pt;height: 1cm\" valign=\"top\" width=\"364\">\n<p style=\"margin-bottom: 0.0001pt;line-height: normal\"><span style=\"font-size: 10pt;font-family: 'Arial', 'sans-serif'\">Kalam\u00e1ta harbour and marina<\/span><\/p>\n<\/td>\n<\/tr>\n<tr style=\"height: 1cm\">\n<td style=\"width: 225.15pt;border-color: currentcolor white white;border-style: none solid solid;border-width: medium 1pt 1pt;padding: 0cm 5.4pt;height: 1cm\" valign=\"top\" width=\"300\">\n<p style=\"margin-bottom: 0.0001pt;line-height: normal\"><span style=\"font-size: 10pt;font-family: 'Arial', 'sans-serif'\">Language: Greek and English<\/span><\/p>\n<\/td>\n<td style=\"width: 272.95pt;border-color: currentcolor white white currentcolor;border-style: none solid solid none;border-width: medium 1pt 1pt medium;padding: 0cm 5.4pt;height: 1cm\" valign=\"top\" width=\"364\">\n<p style=\"margin-bottom: 0.0001pt;line-height: normal\"><span style=\"font-size: 10pt;font-family: 'Arial', 'sans-serif'\">Approaches and harbour of G\u00fdtheio<\/span><\/p>\n<\/td>\n<\/tr>\n<tr style=\"height: 1cm\">\n<td style=\"width: 225.15pt;border-color: currentcolor white white;border-style: none solid solid;border-width: medium 1pt 1pt;padding: 0cm 5.4pt;height: 1cm\" valign=\"top\" width=\"300\">\n<p style=\"margin-bottom: 0.0001pt;line-height: normal\"><span style=\"font-size: 10pt;font-family: 'Arial', 'sans-serif'\">Dimensions (open): 100 x 70cm<\/span><\/p>\n<\/td>\n<td style=\"width: 272.95pt;border-color: currentcolor white white currentcolor;border-style: none solid solid none;border-width: medium 1pt 1pt medium;padding: 0cm 5.4pt;height: 1cm\" valign=\"top\" width=\"364\">\n<p style=\"margin-bottom: 0.0001pt;line-height: normal\"><span style=\"font-size: 10pt;font-family: 'Arial', 'sans-serif'\">O. V\u00e1tika and N. Elaf\u00f3nisos<\/span><\/p>\n<\/td>\n<\/tr>\n<tr style=\"height: 1cm\">\n<td style=\"width: 225.15pt;border-color: currentcolor white white;border-style: none solid solid;border-width: medium 1pt 1pt;padding: 0cm 5.4pt;height: 1cm\" valign=\"top\" width=\"300\">\n<p style=\"margin-bottom: 0.0001pt;line-height: normal\"><span style=\"font-size: 10pt;font-family: 'Arial', 'sans-serif'\">\u00a0<\/span><\/p>\n<\/td>\n<td style=\"width: 272.95pt;border-color: currentcolor white white currentcolor;border-style: none solid solid none;border-width: medium 1pt 1pt medium;padding: 0cm 5.4pt;height: 1cm\" valign=\"top\" width=\"364\">\n<p style=\"margin-bottom: 0.0001pt;line-height: normal\"><span style=\"font-size: 10pt;font-family: 'Arial', 'sans-serif'\">Diak\u00f3fti harbour (K\u00fdthera)<\/span><\/p>\n<\/td>\n<\/tr>\n<tr style=\"height: 1cm\">\n<td style=\"width: 225.15pt;border-color: currentcolor white white;border-style: none solid solid;border-width: medium 1pt 1pt;padding: 0cm 5.4pt;height: 1cm\" valign=\"top\" width=\"300\"><\/td>\n<td style=\"width: 272.95pt;border-color: currentcolor white white currentcolor;border-style: none solid solid none;border-width: medium 1pt 1pt medium;padding: 0cm 5.4pt;height: 1cm\" valign=\"top\" width=\"364\">\n<p style=\"margin-bottom: 0.0001pt;line-height: normal\"><span style=\"font-size: 10pt;font-family: 'Arial', 'sans-serif'\">Monemvasi\u00e1 gulf and marina<\/span><\/p>\n<\/td>\n<\/tr>\n<\/tbody>\n<\/table>\n","protected":false},"excerpt":{"rendered":"<p>From O. Kypariss\u00eda up to Monemvasi\u00e1 Gulf<br \/>\nIncludes: SW coast of Peloponnese, Messiniak\u00f3s Gulf, Lakonik\u00f3s Gulf, Monemvasi\u00e1 Gulf<br \/>\nIslands of K\u00fdthera and Antik\u00fdthera<\/p>\n","protected":false},"featured_media":37607,"template":"","meta":[],"product_brand":[],"product_cat":[176,178],"product_tag":[365,364,362,361,363,231,366],"class_list":{"0":"post-38004","1":"product","2":"type-product","3":"status-publish","4":"has-post-thumbnail","6":"product_cat-charts","7":"product_cat-pilot-charts","8":"product_tag-antikythera","9":"product_tag-kythera","10":"product_tag-lakonikos","11":"product_tag-messiniakos","12":"product_tag-monemvasia","13":"product_tag-peloponnese","14":"product_tag-pylos","15":"description-off","17":"first","18":"instock","19":"taxable","20":"shipping-taxable","21":"purchasable","22":"product-type-simple"},"_links":{"self":[{"href":"https:\/\/eagleray.gr\/en\/wp-json\/wp\/v2\/product\/38004","targetHints":{"allow":["GET"]}}],"collection":[{"href":"https:\/\/eagleray.gr\/en\/wp-json\/wp\/v2\/product"}],"about":[{"href":"https:\/\/eagleray.gr\/en\/wp-json\/wp\/v2\/types\/product"}],"wp:featuredmedia":[{"embeddable":true,"href":"https:\/\/eagleray.gr\/en\/wp-json\/wp\/v2\/media\/37607"}],"wp:attachment":[{"href":"https:\/\/eagleray.gr\/en\/wp-json\/wp\/v2\/media?parent=38004"}],"wp:term":[{"taxonomy":"product_brand","embeddable":true,"href":"https:\/\/eagleray.gr\/en\/wp-json\/wp\/v2\/product_brand?post=38004"},{"taxonomy":"product_cat","embeddable":true,"href":"https:\/\/eagleray.gr\/en\/wp-json\/wp\/v2\/product_cat?post=38004"},{"taxonomy":"product_tag","embeddable":true,"href":"https:\/\/eagleray.gr\/en\/wp-json\/wp\/v2\/product_tag?post=38004"}],"curies":[{"name":"wp","href":"https:\/\/api.w.org\/{rel}","templated":true}]}}