
{"id":37997,"date":"2019-03-04T20:18:37","date_gmt":"2019-03-04T20:18:37","guid":{"rendered":"http:\/\/eagleray.gr\/shop\/uncategorized\/patraikos-kefalonia-ithaca\/"},"modified":"2020-01-11T11:14:35","modified_gmt":"2020-01-11T09:14:35","slug":"patraikos-kefalonia-ithaca","status":"publish","type":"product","link":"https:\/\/eagleray.gr\/en\/products\/patraikos-kefalonia-ithaca\/","title":{"rendered":"Patraikos Kefalonia Ithaca"},"content":{"rendered":"<table style=\"border-collapse: collapse;\" border=\"1\" cellspacing=\"0\" cellpadding=\"0\">\n<tbody>\n<tr style=\"height: 1cm;\">\n<td style=\"width: 225.15pt; border: 1pt solid white; padding: 0cm 5.4pt; height: 1cm;\" valign=\"top\" width=\"300\">\n<p style=\"margin-bottom: 0.0001pt; line-height: normal;\"><span style=\"font-size: 10pt; font-family: 'Arial', 'sans-serif';\">Extract from: HNC 030,\u00a0<\/span><span style=\"font-size: 10pt; font-family: 'Arial', 'sans-serif';\">040<\/span><\/p>\n<\/td>\n<td style=\"width: 272.95pt; border-color: white white white currentcolor; border-style: solid solid solid none; border-width: 1pt 1pt 1pt medium; padding: 0cm 5.4pt; height: 1cm;\" valign=\"top\" width=\"364\">\n<p style=\"margin-bottom: 0.0001pt; line-height: normal;\"><strong><span style=\"font-size: 10pt; font-family: 'Arial', 'sans-serif';\">Larger scale charts included in the back side<\/span><\/strong><\/p>\n<\/td>\n<\/tr>\n<tr style=\"height: 1cm;\">\n<td style=\"width: 225.15pt; border-color: currentcolor white white; border-style: none solid solid; border-width: medium 1pt 1pt; padding: 0cm 5.4pt; height: 1cm;\" valign=\"top\" width=\"300\">\n<p style=\"margin-bottom: 0.0001pt; line-height: normal;\"><span style=\"font-size: 10pt; font-family: 'Arial', 'sans-serif';\">Scale:\u00a0<\/span><span style=\"font-size: 10pt; font-family: 'Arial', 'sans-serif';\">1:1<\/span><span style=\"font-size: 10pt; font-family: 'Arial', 'sans-serif';\">40<\/span><span style=\"font-size: 10pt; font-family: 'Arial', 'sans-serif';\">.000<\/span><\/p>\n<\/td>\n<td style=\"width: 272.95pt; border-color: currentcolor white white currentcolor; border-style: none solid solid none; border-width: medium 1pt 1pt medium; padding: 0cm 5.4pt; height: 1cm;\" valign=\"top\" width=\"364\">\n<p style=\"margin-bottom: 0.0001pt; line-height: normal;\"><span style=\"font-size: 10pt; font-family: 'Arial', 'sans-serif';\">R\u00edo Ant\u00edrrio bridge<\/span><\/p>\n<\/td>\n<\/tr>\n<tr style=\"height: 1cm;\">\n<td style=\"width: 225.15pt; border-color: currentcolor white white; border-style: none solid solid; border-width: medium 1pt 1pt; padding: 0cm 5.4pt; height: 1cm;\" valign=\"top\" width=\"300\">\n<p style=\"margin-bottom: 0.0001pt; line-height: normal;\"><span style=\"font-size: 10pt; font-family: 'Arial', 'sans-serif';\">ISBN:\u00a0<\/span><span style=\"font-size: 10pt; font-family: 'Arial', 'sans-serif';\">960-88464-1-2<\/span><\/p>\n<\/td>\n<td style=\"width: 272.95pt; border-color: currentcolor white white currentcolor; border-style: none solid solid none; border-width: medium 1pt 1pt medium; padding: 0cm 5.4pt; height: 1cm;\" valign=\"top\" width=\"364\">\n<p style=\"margin-bottom: 0.0001pt; line-height: normal;\"><span style=\"font-size: 10pt; font-family: 'Arial', 'sans-serif';\">Approaches and marina of P\u00e1tra<\/span><\/p>\n<\/td>\n<\/tr>\n<tr style=\"height: 1cm;\">\n<td style=\"width: 225.15pt; border-color: currentcolor white white; border-style: none solid solid; border-width: medium 1pt 1pt; padding: 0cm 5.4pt; height: 1cm;\" valign=\"top\" width=\"300\">\n<p style=\"margin-bottom: 0.0001pt; line-height: normal;\"><span style=\"font-size: 10pt; font-family: 'Arial', 'sans-serif';\">Edition:\u00a0<\/span><span style=\"font-size: 10pt; font-family: 'Arial', 'sans-serif';\">2017<\/span><\/p>\n<\/td>\n<td style=\"width: 272.95pt; border-color: currentcolor white white currentcolor; border-style: none solid solid none; border-width: medium 1pt 1pt medium; padding: 0cm 5.4pt; height: 1cm;\" valign=\"top\" width=\"364\">\n<p style=\"margin-bottom: 0.0001pt; line-height: normal;\"><span style=\"font-size: 10pt; font-family: 'Arial', 'sans-serif';\">Mesol\u00f3ggi channel<\/span><\/p>\n<\/td>\n<\/tr>\n<tr style=\"height: 1cm;\">\n<td style=\"width: 225.15pt; border-color: currentcolor white white; border-style: none solid solid; border-width: medium 1pt 1pt; padding: 0cm 5.4pt; height: 1cm;\" valign=\"top\" width=\"300\">\n<p style=\"margin-bottom: 0.0001pt; line-height: normal;\"><span style=\"font-size: 10pt; font-family: 'Arial', 'sans-serif';\">No of edition: 3<\/span><\/p>\n<\/td>\n<td style=\"width: 272.95pt; border-color: currentcolor white white currentcolor; border-style: none solid solid none; border-width: medium 1pt 1pt medium; padding: 0cm 5.4pt; height: 1cm;\" valign=\"top\" width=\"364\">\n<p style=\"margin-bottom: 0.0001pt; line-height: normal;\"><span style=\"font-size: 10pt; font-family: 'Arial', 'sans-serif';\">Kyll\u00edni harbour<\/span><\/p>\n<\/td>\n<\/tr>\n<tr style=\"height: 1cm;\">\n<td style=\"width: 225.15pt; border-color: currentcolor white white; border-style: none solid solid; border-width: medium 1pt 1pt; padding: 0cm 5.4pt; height: 1cm;\" valign=\"top\" width=\"300\">\n<p style=\"margin-bottom: 0.0001pt; line-height: normal;\"><span style=\"font-size: 10pt; font-family: 'Arial', 'sans-serif';\">Language: Greek and English<\/span><\/p>\n<\/td>\n<td style=\"width: 272.95pt; border-color: currentcolor white white currentcolor; border-style: none solid solid none; border-width: medium 1pt 1pt medium; padding: 0cm 5.4pt; height: 1cm;\" valign=\"top\" width=\"364\">\n<p style=\"margin-bottom: 0.0001pt; line-height: normal;\"><span style=\"font-size: 10pt; font-family: 'Arial', 'sans-serif';\">Astak\u00f3s harbour<\/span><\/p>\n<\/td>\n<\/tr>\n<tr style=\"height: 1cm;\">\n<td style=\"width: 225.15pt; border-color: currentcolor white white; border-style: none solid solid; border-width: medium 1pt 1pt; padding: 0cm 5.4pt; height: 1cm;\" valign=\"top\" width=\"300\">\n<p style=\"margin-bottom: 0.0001pt; line-height: normal;\"><span style=\"font-size: 10pt; font-family: 'Arial', 'sans-serif';\">Dimensions (open): 100 x 70cm<\/span><\/p>\n<\/td>\n<td style=\"width: 272.95pt; border-color: currentcolor white white currentcolor; border-style: none solid solid none; border-width: medium 1pt 1pt medium; padding: 0cm 5.4pt; height: 1cm;\" valign=\"top\" width=\"364\">\n<p style=\"margin-bottom: 0.0001pt; line-height: normal;\"><span style=\"font-size: 10pt; font-family: 'Arial', 'sans-serif';\">Vath\u00fd bay and harbour (Ith\u00e1ki)<\/span><\/p>\n<\/td>\n<\/tr>\n<tr style=\"height: 1cm;\">\n<td style=\"width: 225.15pt; border-color: currentcolor white white; border-style: none solid solid; border-width: medium 1pt 1pt; padding: 0cm 5.4pt; height: 1cm;\" valign=\"top\" width=\"300\">\n<p style=\"margin-bottom: 0.0001pt; line-height: normal;\"><span style=\"font-size: 10pt; font-family: 'Arial', 'sans-serif';\">\u00a0<\/span><\/p>\n<\/td>\n<td style=\"width: 272.95pt; border-color: currentcolor white white currentcolor; border-style: none solid solid none; border-width: medium 1pt 1pt medium; padding: 0cm 5.4pt; height: 1cm;\" valign=\"top\" width=\"364\">\n<p style=\"margin-bottom: 0.0001pt; line-height: normal;\"><span style=\"font-size: 10pt; font-family: 'Arial', 'sans-serif';\">Bay and harbour of Argost\u00f3li (Kefalloni\u00e1)<\/span><\/p>\n<\/td>\n<\/tr>\n<tr style=\"height: 1cm;\">\n<td style=\"width: 225.15pt; border-color: currentcolor white white; border-style: none solid solid; border-width: medium 1pt 1pt; padding: 0cm 5.4pt; height: 1cm;\" valign=\"top\" width=\"300\"><\/td>\n<td style=\"width: 272.95pt; border-color: currentcolor white white currentcolor; border-style: none solid solid none; border-width: medium 1pt 1pt medium; padding: 0cm 5.4pt; height: 1cm;\" valign=\"top\" width=\"364\">\n<p style=\"margin-bottom: 0.0001pt; line-height: normal;\"><span style=\"font-size: 10pt; font-family: 'Arial', 'sans-serif';\">S\u00e1mi and Lixo\u00fari harbours (Kefalloni\u00e1)<\/span><\/p>\n<\/td>\n<\/tr>\n<tr style=\"height: 1cm;\">\n<td style=\"width: 225.15pt; border-color: currentcolor white white; border-style: none solid solid; border-width: medium 1pt 1pt; padding: 0cm 5.4pt; height: 1cm;\" valign=\"top\" width=\"300\"><\/td>\n<td style=\"width: 272.95pt; border-color: currentcolor white white currentcolor; border-style: none solid solid none; border-width: medium 1pt 1pt medium; padding: 0cm 5.4pt; height: 1cm;\" valign=\"top\" width=\"364\">\n<p style=\"margin-bottom: 0.0001pt; line-height: normal;\"><span style=\"font-size: 10pt; font-family: 'Arial', 'sans-serif';\">Fisk\u00e1rdo bay (Kefalloni\u00e1)<\/span><\/p>\n<\/td>\n<\/tr>\n<\/tbody>\n<\/table>\n","protected":false},"excerpt":{"rendered":"<p>From O. Vasilik\u00ed (Lefk\u00e1da) up to R\u00edo Ant\u00edrrio bridge<br \/>\nIncludes: Patraik\u00f3s Gulf and Echin\u00e1des Sea<br \/>\nIslands Kefalloni\u00e1, Ith\u00e1ki, Megan\u00edsi, K\u00e1lamos, Kast\u00f3s<\/p>\n","protected":false},"featured_media":37616,"template":"","meta":[],"product_brand":[],"product_cat":[176,178],"product_tag":[202,349,350,351,353,408,230,407],"class_list":{"0":"post-37997","1":"product","2":"type-product","3":"status-publish","4":"has-post-thumbnail","6":"product_cat-charts","7":"product_cat-pilot-charts","8":"product_tag-ionio","9":"product_tag-ithaca","10":"product_tag-kalamos","11":"product_tag-kastos","12":"product_tag-kefallonia","13":"product_tag-meganisi","14":"product_tag-patraikos","15":"product_tag-sea-of-echinades","16":"description-off","18":"first","19":"instock","20":"taxable","21":"shipping-taxable","22":"purchasable","23":"product-type-simple"},"_links":{"self":[{"href":"https:\/\/eagleray.gr\/en\/wp-json\/wp\/v2\/product\/37997","targetHints":{"allow":["GET"]}}],"collection":[{"href":"https:\/\/eagleray.gr\/en\/wp-json\/wp\/v2\/product"}],"about":[{"href":"https:\/\/eagleray.gr\/en\/wp-json\/wp\/v2\/types\/product"}],"wp:featuredmedia":[{"embeddable":true,"href":"https:\/\/eagleray.gr\/en\/wp-json\/wp\/v2\/media\/37616"}],"wp:attachment":[{"href":"https:\/\/eagleray.gr\/en\/wp-json\/wp\/v2\/media?parent=37997"}],"wp:term":[{"taxonomy":"product_brand","embeddable":true,"href":"https:\/\/eagleray.gr\/en\/wp-json\/wp\/v2\/product_brand?post=37997"},{"taxonomy":"product_cat","embeddable":true,"href":"https:\/\/eagleray.gr\/en\/wp-json\/wp\/v2\/product_cat?post=37997"},{"taxonomy":"product_tag","embeddable":true,"href":"https:\/\/eagleray.gr\/en\/wp-json\/wp\/v2\/product_tag?post=37997"}],"curies":[{"name":"wp","href":"https:\/\/api.w.org\/{rel}","templated":true}]}}