
{"id":37912,"date":"2019-03-04T18:53:47","date_gmt":"2019-03-04T18:53:47","guid":{"rendered":"http:\/\/eagleray.gr\/shop\/uncategorized\/east-peloponese\/"},"modified":"2020-05-01T12:41:06","modified_gmt":"2020-05-01T09:41:06","slug":"east-peloponese","status":"publish","type":"product","link":"https:\/\/eagleray.gr\/en\/products\/east-peloponese\/","title":{"rendered":"East Peloponese"},"content":{"rendered":"<table style=\"border-collapse: collapse\" border=\"1\" cellspacing=\"0\" cellpadding=\"0\">\n<tbody>\n<tr style=\"height: 1cm\">\n<td style=\"width: 225.15pt;border: 1pt solid white;padding: 0cm 5.4pt;height: 1cm\" valign=\"top\" width=\"300\">\n<p style=\"margin-bottom: 0.0001pt;line-height: normal\"><span style=\"font-size: 10pt;font-family: 'Arial', 'sans-serif'\">Extract from: HNC 414<\/span><\/p>\n<\/td>\n<td style=\"width: 272.95pt;border-color: white white white currentcolor;border-style: solid solid solid none;border-width: 1pt 1pt 1pt medium;padding: 0cm 5.4pt;height: 1cm\" valign=\"top\" width=\"364\">\n<p style=\"margin-bottom: 0.0001pt;line-height: normal\"><strong><span style=\"font-size: 10pt;font-family: 'Arial', 'sans-serif'\">Larger scale charts included in the back side<\/span><\/strong><\/p>\n<\/td>\n<\/tr>\n<tr style=\"height: 1cm\">\n<td style=\"width: 225.15pt;border-color: currentcolor white white;border-style: none solid solid;border-width: medium 1pt 1pt;padding: 0cm 5.4pt;height: 1cm\" valign=\"top\" width=\"300\">\n<p style=\"margin-bottom: 0.0001pt;line-height: normal\"><span style=\"font-size: 10pt;font-family: 'Arial', 'sans-serif'\">Scale: 1:118.000<\/span><\/p>\n<\/td>\n<td style=\"width: 272.95pt;border-color: currentcolor white white currentcolor;border-style: none solid solid none;border-width: medium 1pt 1pt medium;padding: 0cm 5.4pt;height: 1cm\" valign=\"top\" width=\"364\">\n<p style=\"margin-bottom: 0.0001pt;line-height: normal\"><span style=\"font-size: 10pt;font-family: 'Arial', 'sans-serif'\">Harbour and marina of M\u00e9thana<\/span><\/p>\n<\/td>\n<\/tr>\n<tr style=\"height: 1cm\">\n<td style=\"width: 225.15pt;border-color: currentcolor white white;border-style: none solid solid;border-width: medium 1pt 1pt;padding: 0cm 5.4pt;height: 1cm\" valign=\"top\" width=\"300\">\n<p style=\"margin-bottom: 0.0001pt;line-height: normal\"><span style=\"font-size: 10pt;font-family: 'Arial', 'sans-serif'\">ISBN:\u00a0<\/span><span style=\"font-size: 10pt;font-family: 'Arial', 'sans-serif'\">960-90131-5-5<\/span><\/p>\n<\/td>\n<td style=\"width: 272.95pt;border-color: currentcolor white white currentcolor;border-style: none solid solid none;border-width: medium 1pt 1pt medium;padding: 0cm 5.4pt;height: 1cm\" valign=\"top\" width=\"364\">\n<p style=\"margin-bottom: 0.0001pt;line-height: normal\"><span style=\"font-size: 10pt;font-family: 'Arial', 'sans-serif'\">Approaches and harbour of P\u00f3ros<\/span><\/p>\n<\/td>\n<\/tr>\n<tr style=\"height: 1cm\">\n<td style=\"width: 225.15pt;border-color: currentcolor white white;border-style: none solid solid;border-width: medium 1pt 1pt;padding: 0cm 5.4pt;height: 1cm\" valign=\"top\" width=\"300\">\n<p style=\"margin-bottom: 0.0001pt;line-height: normal\"><span style=\"font-size: 10pt;font-family: 'Arial', 'sans-serif'\">Edition: 201<\/span><span style=\"font-size: 10pt;font-family: 'Arial', 'sans-serif'\">8<\/span><\/p>\n<\/td>\n<td style=\"width: 272.95pt;border-color: currentcolor white white currentcolor;border-style: none solid solid none;border-width: medium 1pt 1pt medium;padding: 0cm 5.4pt;height: 1cm\" valign=\"top\" width=\"364\">\n<p style=\"margin-bottom: 0.0001pt;line-height: normal\"><span style=\"font-size: 10pt;font-family: 'Arial', 'sans-serif'\">\u00dddra harbour<\/span><\/p>\n<\/td>\n<\/tr>\n<tr style=\"height: 1cm\">\n<td style=\"width: 225.15pt;border-color: currentcolor white white;border-style: none solid solid;border-width: medium 1pt 1pt;padding: 0cm 5.4pt;height: 1cm\" valign=\"top\" width=\"300\">\n<p style=\"margin-bottom: 0.0001pt;line-height: normal\"><span style=\"font-size: 10pt;font-family: 'Arial', 'sans-serif'\">No of edition: 3<\/span><\/p>\n<\/td>\n<td style=\"width: 272.95pt;border-color: currentcolor white white currentcolor;border-style: none solid solid none;border-width: medium 1pt 1pt medium;padding: 0cm 5.4pt;height: 1cm\" valign=\"top\" width=\"364\">\n<p style=\"margin-bottom: 0.0001pt;line-height: normal\"><span style=\"font-size: 10pt;font-family: 'Arial', 'sans-serif'\">O. B\u00e1ltiza and D\u00e1pia harbour (Sp\u00e9tses)<\/span><\/p>\n<\/td>\n<\/tr>\n<tr style=\"height: 1cm\">\n<td style=\"width: 225.15pt;border-color: currentcolor white white;border-style: none solid solid;border-width: medium 1pt 1pt;padding: 0cm 5.4pt;height: 1cm\" valign=\"top\" width=\"300\">\n<p style=\"margin-bottom: 0.0001pt;line-height: normal\"><span style=\"font-size: 10pt;font-family: 'Arial', 'sans-serif'\">Language: Greek and English<\/span><\/p>\n<\/td>\n<td style=\"width: 272.95pt;border-color: currentcolor white white currentcolor;border-style: none solid solid none;border-width: medium 1pt 1pt medium;padding: 0cm 5.4pt;height: 1cm\" valign=\"top\" width=\"364\">\n<p style=\"margin-bottom: 0.0001pt;line-height: normal\"><span style=\"font-size: 10pt;font-family: 'Arial', 'sans-serif'\">Portoch\u00e9li harbour<\/span><\/p>\n<\/td>\n<\/tr>\n<tr style=\"height: 1cm\">\n<td style=\"width: 225.15pt;border-color: currentcolor white white;border-style: none solid solid;border-width: medium 1pt 1pt;padding: 0cm 5.4pt;height: 1cm\" valign=\"top\" width=\"300\">\n<p style=\"margin-bottom: 0.0001pt;line-height: normal\"><span style=\"font-size: 10pt;font-family: 'Arial', 'sans-serif'\">Dimensions (open): 100 x 70cm<\/span><\/p>\n<\/td>\n<td style=\"width: 272.95pt;border-color: currentcolor white white currentcolor;border-style: none solid solid none;border-width: medium 1pt 1pt medium;padding: 0cm 5.4pt;height: 1cm\" valign=\"top\" width=\"364\">\n<p style=\"margin-bottom: 0.0001pt;line-height: normal\"><span style=\"font-size: 10pt;font-family: 'Arial', 'sans-serif'\">N\u00e1fplio harbour<\/span><\/p>\n<\/td>\n<\/tr>\n<tr style=\"height: 1cm\">\n<td style=\"width: 225.15pt;border-color: currentcolor white white;border-style: none solid solid;border-width: medium 1pt 1pt;padding: 0cm 5.4pt;height: 1cm\" valign=\"top\" width=\"300\">\n<p style=\"margin-bottom: 0.0001pt;line-height: normal\"><span style=\"font-size: 10pt;font-family: 'Arial', 'sans-serif'\">\u00a0<\/span><\/p>\n<\/td>\n<td style=\"width: 272.95pt;border-color: currentcolor white white currentcolor;border-style: none solid solid none;border-width: medium 1pt 1pt medium;padding: 0cm 5.4pt;height: 1cm\" valign=\"top\" width=\"364\">\n<p style=\"margin-bottom: 0.0001pt;line-height: normal\"><span style=\"font-size: 10pt;font-family: 'Arial', 'sans-serif'\">Par\u00e1lio \u00c1stros fishing harbour<\/span><\/p>\n<\/td>\n<\/tr>\n<tr style=\"height: 1cm\">\n<td style=\"width: 225.15pt;border-color: currentcolor white white;border-style: none solid solid;border-width: medium 1pt 1pt;padding: 0cm 5.4pt;height: 1cm\" valign=\"top\" width=\"300\">\n<p style=\"margin-bottom: 0.0001pt;line-height: normal\"><span style=\"font-size: 10pt;font-family: 'Arial', 'sans-serif'\">\u00a0<\/span><\/p>\n<\/td>\n<td style=\"width: 272.95pt;border-color: currentcolor white white currentcolor;border-style: none solid solid none;border-width: medium 1pt 1pt medium;padding: 0cm 5.4pt;height: 1cm\" valign=\"top\" width=\"364\">\n<p style=\"margin-bottom: 0.0001pt;line-height: normal\"><span style=\"font-size: 10pt;font-family: 'Arial', 'sans-serif'\">Gulf, marina and harbour of Monemvasi\u00e1<\/span><\/p>\n<\/td>\n<\/tr>\n<\/tbody>\n<\/table>\n","protected":false},"excerpt":{"rendered":"<p>From N. Ydra up to Monemvasia Gulf<br \/>\nIncludes: East coast of Peloponnese<br \/>\nIslands of Poros, Ydra, Spetses and Parapola<\/p>\n","protected":false},"featured_media":37573,"template":"","meta":[],"product_brand":[],"product_cat":[176,178],"product_tag":[368,231,375,376],"class_list":{"0":"post-37912","1":"product","2":"type-product","3":"status-publish","4":"has-post-thumbnail","6":"product_cat-charts","7":"product_cat-pilot-charts","8":"product_tag-argolic","9":"product_tag-peloponnese","10":"product_tag-spetses","11":"product_tag-ydra","12":"description-off","14":"first","15":"instock","16":"taxable","17":"shipping-taxable","18":"purchasable","19":"product-type-simple"},"_links":{"self":[{"href":"https:\/\/eagleray.gr\/en\/wp-json\/wp\/v2\/product\/37912","targetHints":{"allow":["GET"]}}],"collection":[{"href":"https:\/\/eagleray.gr\/en\/wp-json\/wp\/v2\/product"}],"about":[{"href":"https:\/\/eagleray.gr\/en\/wp-json\/wp\/v2\/types\/product"}],"wp:featuredmedia":[{"embeddable":true,"href":"https:\/\/eagleray.gr\/en\/wp-json\/wp\/v2\/media\/37573"}],"wp:attachment":[{"href":"https:\/\/eagleray.gr\/en\/wp-json\/wp\/v2\/media?parent=37912"}],"wp:term":[{"taxonomy":"product_brand","embeddable":true,"href":"https:\/\/eagleray.gr\/en\/wp-json\/wp\/v2\/product_brand?post=37912"},{"taxonomy":"product_cat","embeddable":true,"href":"https:\/\/eagleray.gr\/en\/wp-json\/wp\/v2\/product_cat?post=37912"},{"taxonomy":"product_tag","embeddable":true,"href":"https:\/\/eagleray.gr\/en\/wp-json\/wp\/v2\/product_tag?post=37912"}],"curies":[{"name":"wp","href":"https:\/\/api.w.org\/{rel}","templated":true}]}}