
{"id":36967,"date":"2018-12-30T19:50:40","date_gmt":"2018-12-30T19:50:40","guid":{"rendered":"http:\/\/eagleray.gr\/shop\/uncategorized\/saronic-gulf\/"},"modified":"2024-04-08T20:06:39","modified_gmt":"2024-04-08T17:06:39","slug":"saronic-gulf","status":"publish","type":"product","link":"https:\/\/eagleray.gr\/en\/products\/saronic-gulf\/","title":{"rendered":"Saronic Gulf"},"content":{"rendered":"<table style=\"border-collapse: collapse;\" border=\"1\" cellspacing=\"0\" cellpadding=\"0\">\n<tbody>\n<tr style=\"height: 1cm;\">\n<td style=\"width: 225.15pt; border: 1pt solid white; padding: 0cm 5.4pt; height: 1cm;\" valign=\"top\" width=\"300\">\n<p style=\"margin-bottom: 0.0001pt; line-height: normal;\"><span style=\"font-size: 10pt; font-family: 'Arial', 'sans-serif';\">Extract from: HNC 412<\/span><\/p>\n<\/td>\n<td style=\"width: 272.95pt; border-color: white white white currentcolor; border-style: solid solid solid none; border-width: 1pt 1pt 1pt medium; padding: 0cm 5.4pt; height: 1cm;\" valign=\"top\" width=\"364\">\n<p style=\"margin-bottom: 0.0001pt; line-height: normal;\"><strong><span style=\"font-size: 10pt; font-family: 'Arial', 'sans-serif';\">Larger scale charts included in the back side<\/span><\/strong><\/p>\n<\/td>\n<\/tr>\n<tr style=\"height: 1cm;\">\n<td style=\"width: 225.15pt; border-color: currentcolor white white; border-style: none solid solid; border-width: medium 1pt 1pt; padding: 0cm 5.4pt; height: 1cm;\" valign=\"top\" width=\"300\">\n<p style=\"margin-bottom: 0.0001pt; line-height: normal;\"><span style=\"font-size: 10pt; font-family: 'Arial', 'sans-serif';\">Scale: 1:120.000<\/span><\/p>\n<\/td>\n<td style=\"width: 272.95pt; border-color: currentcolor white white currentcolor; border-style: none solid solid none; border-width: medium 1pt 1pt medium; padding: 0cm 5.4pt; height: 1cm;\" valign=\"top\" width=\"364\">\n<p style=\"margin-bottom: 0.0001pt; line-height: normal;\"><span style=\"font-size: 10pt; font-family: 'Arial', 'sans-serif';\">Bays of V\u00e1ri, Vouliagm\u00e9ni, Vo\u00fala<\/span><\/p>\n<\/td>\n<\/tr>\n<tr style=\"height: 1cm;\">\n<td style=\"width: 225.15pt; border-color: currentcolor white white; border-style: none solid solid; border-width: medium 1pt 1pt; padding: 0cm 5.4pt; height: 1cm;\" valign=\"top\" width=\"300\">\n<p style=\"margin-bottom: 0.0001pt; line-height: normal;\"><span style=\"font-size: 10pt; font-family: 'Arial', 'sans-serif';\">ISBN: 978-960-9404-01-3<\/span><\/p>\n<\/td>\n<td style=\"width: 272.95pt; border-color: currentcolor white white currentcolor; border-style: none solid solid none; border-width: medium 1pt 1pt medium; padding: 0cm 5.4pt; height: 1cm;\" valign=\"top\" width=\"364\">\n<p style=\"margin-bottom: 0.0001pt; line-height: normal;\"><span style=\"font-size: 10pt; font-family: 'Arial', 'sans-serif';\">Approaches and marinas of Glyf\u00e1da and \u00c1gios Kosm\u00e1s<\/span><\/p>\n<\/td>\n<\/tr>\n<tr style=\"height: 1cm;\">\n<td style=\"width: 225.15pt; border-color: currentcolor white white; border-style: none solid solid; border-width: medium 1pt 1pt; padding: 0cm 5.4pt; height: 1cm;\" valign=\"top\" width=\"300\">\n<p style=\"margin-bottom: 0.0001pt; line-height: normal;\"><span style=\"font-size: 10pt; font-family: 'Arial', 'sans-serif';\">Edition: 2024<\/span><\/p>\n<\/td>\n<td style=\"width: 272.95pt; border-color: currentcolor white white currentcolor; border-style: none solid solid none; border-width: medium 1pt 1pt medium; padding: 0cm 5.4pt; height: 1cm;\" valign=\"top\" width=\"364\">\n<p style=\"margin-bottom: 0.0001pt; line-height: normal;\"><span style=\"font-size: 10pt; font-family: 'Arial', 'sans-serif';\">Kalam\u00e1ki marina<\/span><\/p>\n<\/td>\n<\/tr>\n<tr style=\"height: 1cm;\">\n<td style=\"width: 225.15pt; border-color: currentcolor white white; border-style: none solid solid; border-width: medium 1pt 1pt; padding: 0cm 5.4pt; height: 1cm;\" valign=\"top\" width=\"300\">\n<p style=\"margin-bottom: 0.0001pt; line-height: normal;\"><span style=\"font-size: 10pt; font-family: 'Arial', 'sans-serif';\">No of edition: 4<br \/>\n<\/span><\/p>\n<\/td>\n<td style=\"width: 272.95pt; border-color: currentcolor white white currentcolor; border-style: none solid solid none; border-width: medium 1pt 1pt medium; padding: 0cm 5.4pt; height: 1cm;\" valign=\"top\" width=\"364\">\n<p style=\"margin-bottom: 0.0001pt; line-height: normal;\"><span style=\"font-size: 10pt; font-family: 'Arial', 'sans-serif';\">Z\u00e9a, Flo\u00edsvos and Athens marinas<\/span><\/p>\n<\/td>\n<\/tr>\n<tr style=\"height: 1cm;\">\n<td style=\"width: 225.15pt; border-color: currentcolor white white; border-style: none solid solid; border-width: medium 1pt 1pt; padding: 0cm 5.4pt; height: 1cm;\" valign=\"top\" width=\"300\">\n<p style=\"margin-bottom: 0.0001pt; line-height: normal;\"><span style=\"font-size: 10pt; font-family: 'Arial', 'sans-serif';\">Language: Greek and English<\/span><\/p>\n<\/td>\n<td style=\"width: 272.95pt; border-color: currentcolor white white currentcolor; border-style: none solid solid none; border-width: medium 1pt 1pt medium; padding: 0cm 5.4pt; height: 1cm;\" valign=\"top\" width=\"364\">\n<p style=\"margin-bottom: 0.0001pt; line-height: normal;\"><span style=\"font-size: 10pt; font-family: 'Arial', 'sans-serif';\">Salam\u00edna strait<\/span><\/p>\n<\/td>\n<\/tr>\n<tr style=\"height: 1cm;\">\n<td style=\"width: 225.15pt; border-color: currentcolor white white; border-style: none solid solid; border-width: medium 1pt 1pt; padding: 0cm 5.4pt; height: 1cm;\" valign=\"top\" width=\"300\">\n<p style=\"margin-bottom: 0.0001pt; line-height: normal;\"><span style=\"font-size: 10pt; font-family: 'Arial', 'sans-serif';\">Dimensions (open): 100 x 70cm<\/span><\/p>\n<\/td>\n<td style=\"width: 272.95pt; border-color: currentcolor white white currentcolor; border-style: none solid solid none; border-width: medium 1pt 1pt medium; padding: 0cm 5.4pt; height: 1cm;\" valign=\"top\" width=\"364\">\n<p style=\"margin-bottom: 0.0001pt; line-height: normal;\"><span style=\"font-size: 10pt; font-family: 'Arial', 'sans-serif';\">M\u00e9gara channel<\/span><\/p>\n<\/td>\n<\/tr>\n<tr style=\"height: 1cm;\">\n<td style=\"width: 225.15pt; border-color: currentcolor white white; border-style: none solid solid; border-width: medium 1pt 1pt; padding: 0cm 5.4pt; height: 1cm;\" valign=\"top\" width=\"300\">\n<p style=\"margin-bottom: 0.0001pt; line-height: normal;\"><span style=\"font-size: 10pt; font-family: 'Arial', 'sans-serif';\">\u00a0<\/span><\/p>\n<\/td>\n<td style=\"width: 272.95pt; border-color: currentcolor white white currentcolor; border-style: none solid solid none; border-width: medium 1pt 1pt medium; padding: 0cm 5.4pt; height: 1cm;\" valign=\"top\" width=\"364\">\n<p style=\"margin-bottom: 0.0001pt; line-height: normal;\"><span style=\"font-size: 10pt; font-family: 'Arial', 'sans-serif';\">A\u00edgina \u2013 Ag\u00edstri strait and Met\u00f3pi shoals<\/span><\/p>\n<\/td>\n<\/tr>\n<tr style=\"height: 1cm;\">\n<td style=\"width: 225.15pt; border-color: currentcolor white white; border-style: none solid solid; border-width: medium 1pt 1pt; padding: 0cm 5.4pt; height: 1cm;\" valign=\"top\" width=\"300\">\n<p style=\"margin-bottom: 0.0001pt; line-height: normal;\">\n<\/td>\n<td style=\"width: 272.95pt; border-color: currentcolor white white currentcolor; border-style: none solid solid none; border-width: medium 1pt 1pt medium; padding: 0cm 5.4pt; height: 1cm;\" valign=\"top\" width=\"364\">\n<p style=\"margin-bottom: 0.0001pt; line-height: normal;\"><span style=\"font-size: 10pt; font-family: 'Arial', 'sans-serif';\">Harbour and marina of M\u00e9thana<\/span><\/p>\n<\/td>\n<\/tr>\n<tr style=\"height: 1cm;\">\n<td style=\"width: 225.15pt; border-color: currentcolor white white; border-style: none solid solid; border-width: medium 1pt 1pt; padding: 0cm 5.4pt; height: 1cm;\" valign=\"top\" width=\"300\"><\/td>\n<td style=\"width: 272.95pt; border-color: currentcolor white white currentcolor; border-style: none solid solid none; border-width: medium 1pt 1pt medium; padding: 0cm 5.4pt; height: 1cm;\" valign=\"top\" width=\"364\">\n<p style=\"margin-bottom: 0.0001pt; line-height: normal;\"><span style=\"font-size: 10pt; font-family: 'Arial', 'sans-serif';\">Approaches and harbour of P\u00f3ros<\/span><\/p>\n<\/td>\n<\/tr>\n<\/tbody>\n<\/table>\n","protected":false},"excerpt":{"rendered":"<p>From N. Makr\u00f3nisos up to N. \u00dddra<br \/>\nIncludes: N and W coast of Attik\u00ed, NE coast of Peloponnese<br \/>\nIslands of Salam\u00edna, A\u00edgina, Ag\u00edstri, P\u00f3ros<\/p>\n","protected":false},"featured_media":37491,"template":"","meta":[],"product_brand":[],"product_cat":[176,178],"product_tag":[199,372,373,374,367],"class_list":{"0":"post-36967","1":"product","2":"type-product","3":"status-publish","4":"has-post-thumbnail","6":"product_cat-charts","7":"product_cat-pilot-charts","8":"product_tag-aegean","9":"product_tag-aigina","10":"product_tag-poros","11":"product_tag-salamina","12":"product_tag-saronic","13":"description-off","15":"first","16":"instock","17":"taxable","18":"shipping-taxable","19":"purchasable","20":"product-type-simple"},"_links":{"self":[{"href":"https:\/\/eagleray.gr\/en\/wp-json\/wp\/v2\/product\/36967","targetHints":{"allow":["GET"]}}],"collection":[{"href":"https:\/\/eagleray.gr\/en\/wp-json\/wp\/v2\/product"}],"about":[{"href":"https:\/\/eagleray.gr\/en\/wp-json\/wp\/v2\/types\/product"}],"wp:featuredmedia":[{"embeddable":true,"href":"https:\/\/eagleray.gr\/en\/wp-json\/wp\/v2\/media\/37491"}],"wp:attachment":[{"href":"https:\/\/eagleray.gr\/en\/wp-json\/wp\/v2\/media?parent=36967"}],"wp:term":[{"taxonomy":"product_brand","embeddable":true,"href":"https:\/\/eagleray.gr\/en\/wp-json\/wp\/v2\/product_brand?post=36967"},{"taxonomy":"product_cat","embeddable":true,"href":"https:\/\/eagleray.gr\/en\/wp-json\/wp\/v2\/product_cat?post=36967"},{"taxonomy":"product_tag","embeddable":true,"href":"https:\/\/eagleray.gr\/en\/wp-json\/wp\/v2\/product_tag?post=36967"}],"curies":[{"name":"wp","href":"https:\/\/api.w.org\/{rel}","templated":true}]}}