
{"id":36945,"date":"2018-12-28T19:51:36","date_gmt":"2018-12-28T19:51:36","guid":{"rendered":"http:\/\/eagleray.gr\/shop\/uncategorized\/north-cyclades\/"},"modified":"2024-04-08T20:09:42","modified_gmt":"2024-04-08T17:09:42","slug":"north-cyclades","status":"publish","type":"product","link":"https:\/\/eagleray.gr\/en\/products\/north-cyclades\/","title":{"rendered":"North Cyclades"},"content":{"rendered":"<table style=\"border-collapse: collapse;\" border=\"1\" cellspacing=\"0\" cellpadding=\"0\">\n<tbody>\n<tr style=\"height: 1cm;\">\n<td style=\"width: 225.15pt; border: 1pt solid white; padding: 0cm 5.4pt; height: 1cm;\" valign=\"top\" width=\"300\">\n<p style=\"margin-bottom: 0.0001pt; line-height: normal;\"><span style=\"font-size: 10pt; font-family: 'Arial', 'sans-serif';\">Extract from: HNC 4<\/span><span style=\"font-size: 10pt; font-family: 'Arial', 'sans-serif';\">21<\/span><\/p>\n<\/td>\n<td style=\"width: 272.95pt; border-color: white white white currentcolor; border-style: solid solid solid none; border-width: 1pt 1pt 1pt medium; padding: 0cm 5.4pt; height: 1cm;\" valign=\"top\" width=\"364\">\n<p style=\"margin-bottom: 0.0001pt; line-height: normal;\"><strong><span style=\"font-size: 10pt; font-family: 'Arial', 'sans-serif';\">Larger scale charts included in the back side<\/span><\/strong><\/p>\n<\/td>\n<\/tr>\n<tr style=\"height: 1cm;\">\n<td style=\"width: 225.15pt; border-color: currentcolor white white; border-style: none solid solid; border-width: medium 1pt 1pt; padding: 0cm 5.4pt; height: 1cm;\" valign=\"top\" width=\"300\">\n<p style=\"margin-bottom: 0.0001pt; line-height: normal;\"><span style=\"font-size: 10pt; font-family: 'Arial', 'sans-serif';\">Scale: 1:1<\/span><span style=\"font-size: 10pt; font-family: 'Arial', 'sans-serif';\">63<\/span><span style=\"font-size: 10pt; font-family: 'Arial', 'sans-serif';\">.000<\/span><\/p>\n<\/td>\n<td style=\"width: 272.95pt; border-color: currentcolor white white currentcolor; border-style: none solid solid none; border-width: medium 1pt 1pt medium; padding: 0cm 5.4pt; height: 1cm;\" valign=\"top\" width=\"364\">\n<p style=\"margin-bottom: 0.0001pt; line-height: normal;\"><span style=\"font-size: 10pt; font-family: 'Arial', 'sans-serif';\">L\u00e1vrio harbour<\/span><\/p>\n<\/td>\n<\/tr>\n<tr style=\"height: 1cm;\">\n<td style=\"width: 225.15pt; border-color: currentcolor white white; border-style: none solid solid; border-width: medium 1pt 1pt; padding: 0cm 5.4pt; height: 1cm;\" valign=\"top\" width=\"300\">\n<p style=\"margin-bottom: 0.0001pt; line-height: normal;\"><span style=\"font-size: 10pt; font-family: 'Arial', 'sans-serif';\">ISBN:\u00a0<\/span><span style=\"font-size: 10pt; font-family: 'Arial', 'sans-serif';\">960-90131-6-3<\/span><\/p>\n<\/td>\n<td style=\"width: 272.95pt; border-color: currentcolor white white currentcolor; border-style: none solid solid none; border-width: medium 1pt 1pt medium; padding: 0cm 5.4pt; height: 1cm;\" valign=\"top\" width=\"364\">\n<p style=\"margin-bottom: 0.0001pt; line-height: normal;\"><span style=\"font-size: 10pt; font-family: 'Arial', 'sans-serif';\">Bay of \u00c1gios Nik\u00f3laos and Koriss\u00eda harbour (K\u00e9a)<\/span><\/p>\n<\/td>\n<\/tr>\n<tr style=\"height: 1cm;\">\n<td style=\"width: 225.15pt; border-color: currentcolor white white; border-style: none solid solid; border-width: medium 1pt 1pt; padding: 0cm 5.4pt; height: 1cm;\" valign=\"top\" width=\"300\">\n<p style=\"margin-bottom: 0.0001pt; line-height: normal;\"><span style=\"font-size: 10pt; font-family: 'Arial', 'sans-serif';\">Edition: 2024<\/span><\/p>\n<\/td>\n<td style=\"width: 272.95pt; border-color: currentcolor white white currentcolor; border-style: none solid solid none; border-width: medium 1pt 1pt medium; padding: 0cm 5.4pt; height: 1cm;\" valign=\"top\" width=\"364\">\n<p style=\"margin-bottom: 0.0001pt; line-height: normal;\"><span style=\"font-size: 10pt; font-family: 'Arial', 'sans-serif';\">Bays of Kol\u00f3na up to M\u00e9richa (K\u00fdthnos)<\/span><\/p>\n<\/td>\n<\/tr>\n<tr style=\"height: 1cm;\">\n<td style=\"width: 225.15pt; border-color: currentcolor white white; border-style: none solid solid; border-width: medium 1pt 1pt; padding: 0cm 5.4pt; height: 1cm;\" valign=\"top\" width=\"300\">\n<p style=\"margin-bottom: 0.0001pt; line-height: normal;\"><span style=\"font-size: 10pt; font-family: 'Arial', 'sans-serif';\">No of edition: 4<br \/>\n<\/span><\/p>\n<\/td>\n<td style=\"width: 272.95pt; border-color: currentcolor white white currentcolor; border-style: none solid solid none; border-width: medium 1pt 1pt medium; padding: 0cm 5.4pt; height: 1cm;\" valign=\"top\" width=\"364\">\n<p style=\"margin-bottom: 0.0001pt; line-height: normal;\"><span style=\"font-size: 10pt; font-family: 'Arial', 'sans-serif';\">Approaches and harbour of S\u00fdros<\/span><\/p>\n<\/td>\n<\/tr>\n<tr style=\"height: 1cm;\">\n<td style=\"width: 225.15pt; border-color: currentcolor white white; border-style: none solid solid; border-width: medium 1pt 1pt; padding: 0cm 5.4pt; height: 1cm;\" valign=\"top\" width=\"300\">\n<p style=\"margin-bottom: 0.0001pt; line-height: normal;\"><span style=\"font-size: 10pt; font-family: 'Arial', 'sans-serif';\">Language: Greek and English<\/span><\/p>\n<\/td>\n<td style=\"width: 272.95pt; border-color: currentcolor white white currentcolor; border-style: none solid solid none; border-width: medium 1pt 1pt medium; padding: 0cm 5.4pt; height: 1cm;\" valign=\"top\" width=\"364\">\n<p style=\"margin-bottom: 0.0001pt; line-height: normal;\"><span style=\"font-size: 10pt; font-family: 'Arial', 'sans-serif';\">Bay and harbour of G\u00e1vrio, Bats\u00ed harbour (\u00c1ndros)<\/span><\/p>\n<\/td>\n<\/tr>\n<tr style=\"height: 1cm;\">\n<td style=\"width: 225.15pt; border-color: currentcolor white white; border-style: none solid solid; border-width: medium 1pt 1pt; padding: 0cm 5.4pt; height: 1cm;\" valign=\"top\" width=\"300\">\n<p style=\"margin-bottom: 0.0001pt; line-height: normal;\"><span style=\"font-size: 10pt; font-family: 'Arial', 'sans-serif';\">Dimensions (open): 100 x 70cm<\/span><\/p>\n<\/td>\n<td style=\"width: 272.95pt; border-color: currentcolor white white currentcolor; border-style: none solid solid none; border-width: medium 1pt 1pt medium; padding: 0cm 5.4pt; height: 1cm;\" valign=\"top\" width=\"364\">\n<p style=\"margin-bottom: 0.0001pt; line-height: normal;\"><span style=\"font-size: 10pt; font-family: 'Arial', 'sans-serif';\">Approaches and harbour of T\u00ednos<\/span><\/p>\n<\/td>\n<\/tr>\n<tr style=\"height: 1cm;\">\n<td style=\"width: 225.15pt; border-color: currentcolor white white; border-style: none solid solid; border-width: medium 1pt 1pt; padding: 0cm 5.4pt; height: 1cm;\" valign=\"top\" width=\"300\">\n<p style=\"margin-bottom: 0.0001pt; line-height: normal;\"><span style=\"font-size: 10pt; font-family: 'Arial', 'sans-serif';\">\u00a0<\/span><\/p>\n<\/td>\n<td style=\"width: 272.95pt; border-color: currentcolor white white currentcolor; border-style: none solid solid none; border-width: medium 1pt 1pt medium; padding: 0cm 5.4pt; height: 1cm;\" valign=\"top\" width=\"364\">\n<p style=\"margin-bottom: 0.0001pt; line-height: normal;\"><span style=\"font-size: 10pt; font-family: 'Arial', 'sans-serif';\">Approaches to M\u00fdkonos harbour and marina<\/span><\/p>\n<\/td>\n<\/tr>\n<tr style=\"height: 1cm;\">\n<td style=\"width: 225.15pt; border-color: currentcolor white white; border-style: none solid solid; border-width: medium 1pt 1pt; padding: 0cm 5.4pt; height: 1cm;\" valign=\"top\" width=\"300\">\n<p style=\"margin-bottom: 0.0001pt; line-height: normal;\">\n<\/td>\n<td style=\"width: 272.95pt; border-color: currentcolor white white currentcolor; border-style: none solid solid none; border-width: medium 1pt 1pt medium; padding: 0cm 5.4pt; height: 1cm;\" valign=\"top\" width=\"364\"><\/td>\n<\/tr>\n<tr style=\"height: 1cm;\">\n<td style=\"width: 225.15pt; border-color: currentcolor white white; border-style: none solid solid; border-width: medium 1pt 1pt; padding: 0cm 5.4pt; height: 1cm;\" valign=\"top\" width=\"300\"><\/td>\n<td style=\"width: 272.95pt; border-color: currentcolor white white currentcolor; border-style: none solid solid none; border-width: medium 1pt 1pt medium; padding: 0cm 5.4pt; height: 1cm;\" valign=\"top\" width=\"364\"><\/td>\n<\/tr>\n<\/tbody>\n<\/table>\n","protected":false},"excerpt":{"rendered":"<p>From Attiki up to N. Mykonos<br \/>\nIncludes: East coast of Attiki and O. Karystou<br \/>\nIslands of Kea, Kythnos, Syros, Andros, T\u00ednos, Mykonos<\/p>\n","protected":false},"featured_media":37501,"template":"","meta":[],"product_brand":[],"product_cat":[176,178],"product_tag":[199,377,185,381,382,379,380,378],"class_list":{"0":"post-36945","1":"product","2":"type-product","3":"status-publish","4":"has-post-thumbnail","6":"product_cat-charts","7":"product_cat-pilot-charts","8":"product_tag-aegean","9":"product_tag-andros","10":"product_tag-cyclades","11":"product_tag-kea","12":"product_tag-kythnos","13":"product_tag-mykonos","14":"product_tag-syros","15":"product_tag-tinos","16":"description-off","18":"first","19":"instock","20":"taxable","21":"shipping-taxable","22":"purchasable","23":"product-type-simple"},"_links":{"self":[{"href":"https:\/\/eagleray.gr\/en\/wp-json\/wp\/v2\/product\/36945","targetHints":{"allow":["GET"]}}],"collection":[{"href":"https:\/\/eagleray.gr\/en\/wp-json\/wp\/v2\/product"}],"about":[{"href":"https:\/\/eagleray.gr\/en\/wp-json\/wp\/v2\/types\/product"}],"wp:featuredmedia":[{"embeddable":true,"href":"https:\/\/eagleray.gr\/en\/wp-json\/wp\/v2\/media\/37501"}],"wp:attachment":[{"href":"https:\/\/eagleray.gr\/en\/wp-json\/wp\/v2\/media?parent=36945"}],"wp:term":[{"taxonomy":"product_brand","embeddable":true,"href":"https:\/\/eagleray.gr\/en\/wp-json\/wp\/v2\/product_brand?post=36945"},{"taxonomy":"product_cat","embeddable":true,"href":"https:\/\/eagleray.gr\/en\/wp-json\/wp\/v2\/product_cat?post=36945"},{"taxonomy":"product_tag","embeddable":true,"href":"https:\/\/eagleray.gr\/en\/wp-json\/wp\/v2\/product_tag?post=36945"}],"curies":[{"name":"wp","href":"https:\/\/api.w.org\/{rel}","templated":true}]}}