
{"id":36926,"date":"2018-10-25T14:31:12","date_gmt":"2018-10-25T14:31:12","guid":{"rendered":"http:\/\/eagleray.gr\/shop\/uncategorized\/southwestern-cyclades\/"},"modified":"2020-05-01T12:31:32","modified_gmt":"2020-05-01T09:31:32","slug":"southwestern-cyclades","status":"publish","type":"product","link":"https:\/\/eagleray.gr\/en\/products\/southwestern-cyclades\/","title":{"rendered":"Southwestern Cyclades"},"content":{"rendered":"<table style=\"border-collapse: collapse\" border=\"1\" cellspacing=\"0\" cellpadding=\"0\">\n<tbody>\n<tr style=\"height: 1cm\">\n<td style=\"width: 225.15pt;border: 1pt solid white;padding: 0cm 5.4pt;height: 1cm\" valign=\"top\" width=\"300\">\n<p style=\"margin-bottom: 0.0001pt;line-height: normal\"><span style=\"font-size: 10pt;font-family: 'Arial', 'sans-serif'\">Extract from: HNC 415<\/span><\/p>\n<\/td>\n<td style=\"width: 272.95pt;border-color: white white white currentcolor;border-style: solid solid solid none;border-width: 1pt 1pt 1pt medium;padding: 0cm 5.4pt;height: 1cm\" valign=\"top\" width=\"364\">\n<p style=\"margin-bottom: 0.0001pt;line-height: normal\"><strong><span style=\"font-size: 10pt;font-family: 'Arial', 'sans-serif'\">Larger scale charts included in the back side<\/span><\/strong><\/p>\n<\/td>\n<\/tr>\n<tr style=\"height: 1cm\">\n<td style=\"width: 225.15pt;border-color: currentcolor white white;border-style: none solid solid;border-width: medium 1pt 1pt;padding: 0cm 5.4pt;height: 1cm\" valign=\"top\" width=\"300\">\n<p style=\"margin-bottom: 0.0001pt;line-height: normal\"><span style=\"font-size: 10pt;font-family: 'Arial', 'sans-serif'\">Scale: 1:16<\/span><span style=\"font-size: 10pt;font-family: 'Arial', 'sans-serif'\">3<\/span><span style=\"font-size: 10pt;font-family: 'Arial', 'sans-serif'\">.000<\/span><\/p>\n<\/td>\n<td style=\"width: 272.95pt;border-color: currentcolor white white currentcolor;border-style: none solid solid none;border-width: medium 1pt 1pt medium;padding: 0cm 5.4pt;height: 1cm\" valign=\"top\" width=\"364\">\n<p style=\"margin-bottom: 0.0001pt;line-height: normal\"><span style=\"font-size: 10pt;font-family: 'Arial', 'sans-serif'\">\u00dddra harbour<\/span><\/p>\n<\/td>\n<\/tr>\n<tr style=\"height: 1cm\">\n<td style=\"width: 225.15pt;border-color: currentcolor white white;border-style: none solid solid;border-width: medium 1pt 1pt;padding: 0cm 5.4pt;height: 1cm\" valign=\"top\" width=\"300\">\n<p style=\"margin-bottom: 0.0001pt;line-height: normal\"><span style=\"font-size: 10pt;font-family: 'Arial', 'sans-serif'\">ISBN: 960-90131-7-1<\/span><\/p>\n<\/td>\n<td style=\"width: 272.95pt;border-color: currentcolor white white currentcolor;border-style: none solid solid none;border-width: medium 1pt 1pt medium;padding: 0cm 5.4pt;height: 1cm\" valign=\"top\" width=\"364\">\n<p style=\"margin-bottom: 0.0001pt;line-height: normal\"><span style=\"font-size: 10pt;font-family: 'Arial', 'sans-serif'\">Bay and harbour of Liv\u00e1di (S\u00e9rifos)<\/span><\/p>\n<\/td>\n<\/tr>\n<tr style=\"height: 1cm\">\n<td style=\"width: 225.15pt;border-color: currentcolor white white;border-style: none solid solid;border-width: medium 1pt 1pt;padding: 0cm 5.4pt;height: 1cm\" valign=\"top\" width=\"300\">\n<p style=\"margin-bottom: 0.0001pt;line-height: normal\"><span style=\"font-size: 10pt;font-family: 'Arial', 'sans-serif'\">Edition: 2018<\/span><\/p>\n<\/td>\n<td style=\"width: 272.95pt;border-color: currentcolor white white currentcolor;border-style: none solid solid none;border-width: medium 1pt 1pt medium;padding: 0cm 5.4pt;height: 1cm\" valign=\"top\" width=\"364\">\n<p style=\"margin-bottom: 0.0001pt;line-height: normal\"><span style=\"font-size: 10pt;font-family: 'Arial', 'sans-serif'\">Bay of Kam\u00e1res (S\u00edfnos)<\/span><\/p>\n<\/td>\n<\/tr>\n<tr style=\"height: 1cm\">\n<td style=\"width: 225.15pt;border-color: currentcolor white white;border-style: none solid solid;border-width: medium 1pt 1pt;padding: 0cm 5.4pt;height: 1cm\" valign=\"top\" width=\"300\">\n<p style=\"margin-bottom: 0.0001pt;line-height: normal\"><span style=\"font-size: 10pt;font-family: 'Arial', 'sans-serif'\">No of edition: 3<\/span><\/p>\n<\/td>\n<td style=\"width: 272.95pt;border-color: currentcolor white white currentcolor;border-style: none solid solid none;border-width: medium 1pt 1pt medium;padding: 0cm 5.4pt;height: 1cm\" valign=\"top\" width=\"364\">\n<p style=\"margin-bottom: 0.0001pt;line-height: normal\"><span style=\"font-size: 10pt;font-family: 'Arial', 'sans-serif'\">Bay of M\u00edlos and Ad\u00e1mantas harbour<\/span><\/p>\n<\/td>\n<\/tr>\n<tr style=\"height: 1cm\">\n<td style=\"width: 225.15pt;border-color: currentcolor white white;border-style: none solid solid;border-width: medium 1pt 1pt;padding: 0cm 5.4pt;height: 1cm\" valign=\"top\" width=\"300\">\n<p style=\"margin-bottom: 0.0001pt;line-height: normal\"><span style=\"font-size: 10pt;font-family: 'Arial', 'sans-serif'\">Language: Greek and English<\/span><\/p>\n<\/td>\n<td style=\"width: 272.95pt;border-color: currentcolor white white currentcolor;border-style: none solid solid none;border-width: medium 1pt 1pt medium;padding: 0cm 5.4pt;height: 1cm\" valign=\"top\" width=\"364\">\n<p style=\"margin-bottom: 0.0001pt;line-height: normal\"><span style=\"font-size: 10pt;font-family: 'Arial', 'sans-serif'\">K\u00edmolos straits and Ps\u00e1thi harbour<\/span><\/p>\n<\/td>\n<\/tr>\n<tr style=\"height: 1cm\">\n<td style=\"width: 225.15pt;border-color: currentcolor white white;border-style: none solid solid;border-width: medium 1pt 1pt;padding: 0cm 5.4pt;height: 1cm\" valign=\"top\" width=\"300\">\n<p style=\"margin-bottom: 0.0001pt;line-height: normal\"><span style=\"font-size: 10pt;font-family: 'Arial', 'sans-serif'\">Dimensions (open): 100 x 70cm<\/span><\/p>\n<\/td>\n<td style=\"width: 272.95pt;border-color: currentcolor white white currentcolor;border-style: none solid solid none;border-width: medium 1pt 1pt medium;padding: 0cm 5.4pt;height: 1cm\" valign=\"top\" width=\"364\">\n<p style=\"margin-bottom: 0.0001pt;line-height: normal\"><span style=\"font-size: 10pt;font-family: 'Arial', 'sans-serif'\">P\u00e1ros \u2013 Ant\u00edparos strait<\/span><\/p>\n<\/td>\n<\/tr>\n<tr style=\"height: 1cm\">\n<td style=\"width: 225.15pt;border-color: currentcolor white white;border-style: none solid solid;border-width: medium 1pt 1pt;padding: 0cm 5.4pt;height: 1cm\" valign=\"top\" width=\"300\">\n<p style=\"margin-bottom: 0.0001pt;line-height: normal\"><span style=\"font-size: 10pt;font-family: 'Arial', 'sans-serif'\">\u00a0<\/span><\/p>\n<\/td>\n<td style=\"width: 272.95pt;border-color: currentcolor white white currentcolor;border-style: none solid solid none;border-width: medium 1pt 1pt medium;padding: 0cm 5.4pt;height: 1cm\" valign=\"top\" width=\"364\">\n<p style=\"margin-bottom: 0.0001pt;line-height: normal\"><span style=\"font-size: 10pt;font-family: 'Arial', 'sans-serif'\">Harbour of Karavost\u00e1si (Fol\u00e9gandros)<\/span><\/p>\n<\/td>\n<\/tr>\n<tr style=\"height: 1cm\">\n<td style=\"width: 225.15pt;border-color: currentcolor white white;border-style: none solid solid;border-width: medium 1pt 1pt;padding: 0cm 5.4pt;height: 1cm\" valign=\"top\" width=\"300\">\n<p style=\"margin-bottom: 0.0001pt;line-height: normal\">\n<\/td>\n<td style=\"width: 272.95pt;border-color: currentcolor white white currentcolor;border-style: none solid solid none;border-width: medium 1pt 1pt medium;padding: 0cm 5.4pt;height: 1cm\" valign=\"top\" width=\"364\">\n<p style=\"margin-bottom: 0.0001pt;line-height: normal\"><span style=\"font-size: 10pt;font-family: 'Arial', 'sans-serif'\">Harbour of Sk\u00e1la (S\u00edkinos)<\/span><\/p>\n<\/td>\n<\/tr>\n<tr style=\"height: 1cm\">\n<td style=\"width: 225.15pt;border-color: currentcolor white white;border-style: none solid solid;border-width: medium 1pt 1pt;padding: 0cm 5.4pt;height: 1cm\" valign=\"top\" width=\"300\"><\/td>\n<td style=\"width: 272.95pt;border-color: currentcolor white white currentcolor;border-style: none solid solid none;border-width: medium 1pt 1pt medium;padding: 0cm 5.4pt;height: 1cm\" valign=\"top\" width=\"364\"><\/td>\n<\/tr>\n<\/tbody>\n<\/table>\n","protected":false},"excerpt":{"rendered":"<p>From N. \u00dddra up to N. S\u00edkinos<br \/>\nIncludes: Islands of S\u00e9rifos, S\u00edfnos, M\u00edlos, K\u00edmolos, Ant\u00edparos, Fol\u00e9gandros and S\u00edkinos<\/p>\n","protected":false},"featured_media":37503,"template":"","meta":[],"product_brand":[],"product_cat":[176,178],"product_tag":[199,387,185,388,386,385,383,384,389],"class_list":{"0":"post-36926","1":"product","2":"type-product","3":"status-publish","4":"has-post-thumbnail","6":"product_cat-charts","7":"product_cat-pilot-charts","8":"product_tag-aegean","9":"product_tag-antiparos","10":"product_tag-cyclades","11":"product_tag-folegandros","12":"product_tag-kimolos","13":"product_tag-milos","14":"product_tag-serifos","15":"product_tag-sifnos","16":"product_tag-sikinos","17":"description-off","19":"first","20":"instock","21":"taxable","22":"shipping-taxable","23":"purchasable","24":"product-type-simple"},"_links":{"self":[{"href":"https:\/\/eagleray.gr\/en\/wp-json\/wp\/v2\/product\/36926","targetHints":{"allow":["GET"]}}],"collection":[{"href":"https:\/\/eagleray.gr\/en\/wp-json\/wp\/v2\/product"}],"about":[{"href":"https:\/\/eagleray.gr\/en\/wp-json\/wp\/v2\/types\/product"}],"wp:featuredmedia":[{"embeddable":true,"href":"https:\/\/eagleray.gr\/en\/wp-json\/wp\/v2\/media\/37503"}],"wp:attachment":[{"href":"https:\/\/eagleray.gr\/en\/wp-json\/wp\/v2\/media?parent=36926"}],"wp:term":[{"taxonomy":"product_brand","embeddable":true,"href":"https:\/\/eagleray.gr\/en\/wp-json\/wp\/v2\/product_brand?post=36926"},{"taxonomy":"product_cat","embeddable":true,"href":"https:\/\/eagleray.gr\/en\/wp-json\/wp\/v2\/product_cat?post=36926"},{"taxonomy":"product_tag","embeddable":true,"href":"https:\/\/eagleray.gr\/en\/wp-json\/wp\/v2\/product_tag?post=36926"}],"curies":[{"name":"wp","href":"https:\/\/api.w.org\/{rel}","templated":true}]}}